{"id":71,"date":"2023-06-13T08:46:00","date_gmt":"2023-06-13T08:46:00","guid":{"rendered":"https:\/\/recreer.webeautiful.fr\/?page_id=71"},"modified":"2025-11-07T15:56:39","modified_gmt":"2025-11-07T15:56:39","slug":"contact","status":"publish","type":"page","link":"https:\/\/re-creer.com\/?page_id=71","title":{"rendered":"Contact"},"content":{"rendered":"<p>[et_pb_section fb_built=&#8221;1&#8243; specialty=&#8221;on&#8221; next_background_color=&#8221;#001e96&#8243; admin_label=&#8221;Header&#8221; _builder_version=&#8221;4.27.4&#8243; background_image=&#8221;https:\/\/recreer.webeautiful.fr\/wp-content\/uploads\/2023\/06\/nutritionist-26-1.png&#8221; background_size=&#8221;initial&#8221; background_position=&#8221;top_right&#8221; min_height=&#8221;900px&#8221; custom_padding=&#8221;||||false|false&#8221; bottom_divider_style=&#8221;wave&#8221; bottom_divider_height=&#8221;10vw&#8221; bottom_divider_flip=&#8221;horizontal&#8221; global_colors_info=&#8221;{}&#8221;][et_pb_column type=&#8221;1_2&#8243; _builder_version=&#8221;4.16&#8243; custom_padding=&#8221;|||&#8221; global_colors_info=&#8221;{}&#8221; custom_padding__hover=&#8221;|||&#8221;][et_pb_text _builder_version=&#8221;4.27.4&#8243; text_font=&#8221;||||||||&#8221; text_line_height=&#8221;2em&#8221; header_font=&#8221;Montserrat|500||on|||||&#8221; header_font_size=&#8221;18px&#8221; header_letter_spacing=&#8221;5px&#8221; header_line_height=&#8221;1.5em&#8221; header_2_font=&#8221;Montserrat|700|||||||&#8221; header_2_font_size=&#8221;32px&#8221; header_2_line_height=&#8221;1.3em&#8221; header_3_font=&#8221;||||||||&#8221; header_4_font=&#8221;||||||||&#8221; header_5_font=&#8221;||||||||&#8221; header_5_font_size=&#8221;25px&#8221; header_5_line_height=&#8221;1.3em&#8221; header_6_font=&#8221;||||||||&#8221; header_font_size_tablet=&#8221;&#8221; header_font_size_phone=&#8221;12px&#8221; header_font_size_last_edited=&#8221;on|desktop&#8221; header_2_font_size_tablet=&#8221;50px&#8221; header_2_font_size_phone=&#8221;30px&#8221; header_2_font_size_last_edited=&#8221;on|desktop&#8221; locked=&#8221;off&#8221; global_colors_info=&#8221;{}&#8221;]<\/p>\n<h2><strong data-start=\"104\" data-end=\"151\">Entrepreneurs, besoin d\u2019aide ou d\u2019\u00e9coute\u00a0<\/strong><span>pour partager vos difficult\u00e9s ?<\/span><\/h2>\n<h5>Pour \u00eatre \u00e9cout\u00e9 ou pour vous inscrire aux ateliers :<\/h5>\n<p>&nbsp;<\/p>\n<h2><\/h2>\n<p>[\/et_pb_text][et_pb_button button_url=&#8221;mailto:association.recreer@gmail.com?cc=ptrckfort.re@gmail.com&#038;subject=Contact%20depuis%20le%20site%20re-creer.com&#038;body=Expliquez-nous%20bri%C3%A8vement%20votre%20situation%2C%20les%20difficult%C3%A9s%20que%20vous%20rencontrez%2C%20et%2Fou%20votre%20question%20afin%20que%20nous%20puissions%20vous%20orienter%20vers%20la%20bonne%20personne.%0A%0AVotre%20message%20restera%20strictement%20confidentiel.%0A%0AMerci%20d&#8217;indiquer%20aussi%20votre%20num%C3%A9ro%20de%20t%C3%A9l%C3%A9phone%20pour%20%C3%AAtre%20recontact%C3%A9%20rapidement.%0A%0AL&#8217;%C3%A9quipe%20Re-cr%C3%A9er%0A__________%0A%0AVotre%20num%C3%A9ro%20de%20t%C3%A9l%C3%A9phone%20%3A%20%0A%0AVotre%20situation%2C%20vos%20difficult%C3%A9s%2C%20votre%20question%20%3A%20&#8243; button_text=&#8221;Contactez-nous&#8221; _builder_version=&#8221;4.27.4&#8243; _module_preset=&#8221;default&#8221; custom_button=&#8221;on&#8221; button_text_color=&#8221;#FFFFFF&#8221; button_bg_color=&#8221;gcid-af86f2ab-02ee-4104-9a69-19a1d1493be4&#8243; button_border_color=&#8221;#FFFFFF&#8221; button_icon=&#8221;&#xe076;||divi||400&#8243; button_icon_color=&#8221;#FFFFFF&#8221; hover_enabled=&#8221;0&#8243; global_colors_info=&#8221;{%22gcid-af86f2ab-02ee-4104-9a69-19a1d1493be4%22:%91%22button_bg_color%22%93,%22gcid-325392c8-4291-4da5-88f5-1d95943be677%22:%91%22button_bg_color__hover%22%93}&#8221; button_bg_color__hover_enabled=&#8221;on|hover&#8221; button_bg_color__hover=&#8221;#001e96&#8243; button_bg_enable_color__hover=&#8221;on&#8221; sticky_enabled=&#8221;0&#8243;][\/et_pb_button][\/et_pb_column][et_pb_column type=&#8221;1_2&#8243; specialty_columns=&#8221;2&#8243; _builder_version=&#8221;4.16&#8243; custom_padding=&#8221;|||&#8221; global_colors_info=&#8221;{}&#8221; custom_padding__hover=&#8221;|||&#8221;][et_pb_row_inner _builder_version=&#8221;4.16&#8243; background_color=&#8221;#ffffff&#8221; custom_padding=&#8221;50px|40px|50px|40px|true|true&#8221; animation_style=&#8221;zoom&#8221; animation_intensity_zoom=&#8221;20%&#8221; border_radii=&#8221;on|24px|24px|24px|24px&#8221; box_shadow_style=&#8221;preset1&#8243; box_shadow_vertical=&#8221;90px&#8221; box_shadow_blur=&#8221;160px&#8221; box_shadow_color=&#8221;rgba(0,0,0,0.06)&#8221; global_colors_info=&#8221;{}&#8221;][et_pb_column_inner saved_specialty_column_type=&#8221;1_2&#8243; _builder_version=&#8221;4.16&#8243; custom_padding=&#8221;|||&#8221; global_colors_info=&#8221;{}&#8221; custom_padding__hover=&#8221;|||&#8221;][et_pb_code disabled_on=&#8221;on|on|on&#8221; module_id=&#8221;main_contact&#8221; _builder_version=&#8221;4.27.4&#8243; _module_preset=&#8221;default&#8221; disabled=&#8221;on&#8221; locked=&#8221;off&#8221; global_colors_info=&#8221;{}&#8221;]\n<div class=\"wpcf7 no-js\" id=\"wpcf7-f198-o1\" lang=\"en-US\" dir=\"ltr\" data-wpcf7-id=\"198\">\n<div class=\"screen-reader-response\"><p role=\"status\" aria-live=\"polite\" aria-atomic=\"true\"><\/p> <ul><\/ul><\/div>\n<form action=\"\/index.php?rest_route=%2Fwp%2Fv2%2Fpages%2F71#wpcf7-f198-o1\" method=\"post\" class=\"wpcf7-form init\" aria-label=\"Contact form\" novalidate=\"novalidate\" data-status=\"init\">\n<fieldset class=\"hidden-fields-container\"><input type=\"hidden\" name=\"_wpcf7\" value=\"198\" \/><input type=\"hidden\" name=\"_wpcf7_version\" value=\"6.1.1\" \/><input type=\"hidden\" name=\"_wpcf7_locale\" value=\"en_US\" \/><input type=\"hidden\" name=\"_wpcf7_unit_tag\" value=\"wpcf7-f198-o1\" \/><input type=\"hidden\" name=\"_wpcf7_container_post\" value=\"0\" \/><input type=\"hidden\" name=\"_wpcf7_posted_data_hash\" value=\"\" \/><input type=\"hidden\" name=\"_wpcf7_recaptcha_response\" value=\"\" \/>\n<\/fieldset>\n<p><label> Situation<br \/>\n<span class=\"wpcf7-form-control-wrap\" data-name=\"your-message\"><textarea cols=\"40\" rows=\"10\" maxlength=\"2000\" class=\"wpcf7-form-control wpcf7-textarea wpcf7-validates-as-required\" aria-required=\"true\" aria-invalid=\"false\" name=\"your-message\"><\/textarea><\/span> <\/label>\n<\/p>\n<p><label> D\u00e9partement<br \/>\n<span class=\"wpcf7-form-control-wrap\" data-name=\"your-dpt\"><input size=\"40\" maxlength=\"400\" class=\"wpcf7-form-control wpcf7-text wpcf7-validates-as-required\" autocomplete=\"name\" aria-required=\"true\" aria-invalid=\"false\" value=\"\" type=\"text\" name=\"your-dpt\" \/><\/span> <\/label>\n<\/p>\n<p><label> T\u00e9l\u00e9phone<br \/>\n<span class=\"wpcf7-form-control-wrap\" data-name=\"your-phone\"><input size=\"40\" maxlength=\"400\" class=\"wpcf7-form-control wpcf7-text wpcf7-validates-as-required form_number\" aria-required=\"true\" aria-invalid=\"false\" value=\"\" type=\"text\" name=\"your-phone\" \/><\/span> <\/label>\n<\/p>\n<p><label> Courriel<br \/>\n<span class=\"wpcf7-form-control-wrap\" data-name=\"your-email\"><input size=\"40\" maxlength=\"400\" class=\"wpcf7-form-control wpcf7-email wpcf7-validates-as-required wpcf7-text wpcf7-validates-as-email\" autocomplete=\"email\" aria-required=\"true\" aria-invalid=\"false\" value=\"\" type=\"email\" name=\"your-email\" \/><\/span> <\/label>\n<\/p>\n<p><input class=\"wpcf7-form-control wpcf7-submit has-spinner\" type=\"submit\" value=\"Envoyer\" \/>\n<\/p><div class=\"wpcf7-response-output\" aria-hidden=\"true\"><\/div>\n<\/form>\n<\/div>\n[\/et_pb_code][et_pb_icon font_icon=&#8221;&#xf2b6;||fa||400&#8243; icon_color=&#8221;gcid-af86f2ab-02ee-4104-9a69-19a1d1493be4&#8243; icon_width=&#8221;136px&#8221; _builder_version=&#8221;4.16&#8243; _module_preset=&#8221;default&#8221; global_colors_info=&#8221;{%22gcid-af86f2ab-02ee-4104-9a69-19a1d1493be4%22:%91%22icon_color%22%93}&#8221;][\/et_pb_icon][\/et_pb_column_inner][\/et_pb_row_inner][\/et_pb_column][\/et_pb_section]<\/p>\n","protected":false},"excerpt":{"rendered":"<p>Entrepreneurs, besoin d\u2019aide ou d\u2019\u00e9coute\u00a0pour partager vos difficult\u00e9s ? Pour \u00eatre \u00e9cout\u00e9 ou pour vous inscrire aux ateliers : &nbsp; \n<div class=\"wpcf7 no-js\" id=\"wpcf7-f198-o2\" lang=\"en-US\" dir=\"ltr\" data-wpcf7-id=\"198\">\n<div class=\"screen-reader-response\"><p role=\"status\" aria-live=\"polite\" aria-atomic=\"true\"><\/p> <ul><\/ul><\/div>\n<form action=\"\/index.php?rest_route=%2Fwp%2Fv2%2Fpages%2F71#wpcf7-f198-o2\" method=\"post\" class=\"wpcf7-form init\" aria-label=\"Contact form\" novalidate=\"novalidate\" data-status=\"init\">\n<fieldset class=\"hidden-fields-container\"><input type=\"hidden\" name=\"_wpcf7\" value=\"198\" \/><input type=\"hidden\" name=\"_wpcf7_version\" value=\"6.1.1\" \/><input type=\"hidden\" name=\"_wpcf7_locale\" value=\"en_US\" \/><input type=\"hidden\" name=\"_wpcf7_unit_tag\" value=\"wpcf7-f198-o2\" \/><input type=\"hidden\" name=\"_wpcf7_container_post\" value=\"0\" \/><input type=\"hidden\" name=\"_wpcf7_posted_data_hash\" value=\"\" \/><input type=\"hidden\" name=\"_wpcf7_recaptcha_response\" value=\"\" \/>\n<\/fieldset>\n<p><label> Situation<br \/>\n<span class=\"wpcf7-form-control-wrap\" data-name=\"your-message\"><textarea cols=\"40\" rows=\"10\" maxlength=\"2000\" class=\"wpcf7-form-control wpcf7-textarea wpcf7-validates-as-required\" aria-required=\"true\" aria-invalid=\"false\" name=\"your-message\"><\/textarea><\/span> <\/label>\n<\/p>\n<p><label> D\u00e9partement<br \/>\n<span class=\"wpcf7-form-control-wrap\" data-name=\"your-dpt\"><input size=\"40\" maxlength=\"400\" class=\"wpcf7-form-control wpcf7-text wpcf7-validates-as-required\" autocomplete=\"name\" aria-required=\"true\" aria-invalid=\"false\" value=\"\" type=\"text\" name=\"your-dpt\" \/><\/span> <\/label>\n<\/p>\n<p><label> T\u00e9l\u00e9phone<br \/>\n<span class=\"wpcf7-form-control-wrap\" data-name=\"your-phone\"><input size=\"40\" maxlength=\"400\" class=\"wpcf7-form-control wpcf7-text wpcf7-validates-as-required form_number\" aria-required=\"true\" aria-invalid=\"false\" value=\"\" type=\"text\" name=\"your-phone\" \/><\/span> <\/label>\n<\/p>\n<p><label> Courriel<br \/>\n<span class=\"wpcf7-form-control-wrap\" data-name=\"your-email\"><input size=\"40\" maxlength=\"400\" class=\"wpcf7-form-control wpcf7-email wpcf7-validates-as-required wpcf7-text wpcf7-validates-as-email\" autocomplete=\"email\" aria-required=\"true\" aria-invalid=\"false\" value=\"\" type=\"email\" name=\"your-email\" \/><\/span> <\/label>\n<\/p>\n<p><input class=\"wpcf7-form-control wpcf7-submit has-spinner\" type=\"submit\" value=\"Envoyer\" \/>\n<\/p><div class=\"wpcf7-response-output\" aria-hidden=\"true\"><\/div>\n<\/form>\n<\/div>\n<\/p>\n","protected":false},"author":1,"featured_media":0,"parent":0,"menu_order":0,"comment_status":"closed","ping_status":"closed","template":"","meta":{"_et_pb_use_builder":"on","_et_pb_old_content":"","_et_gb_content_width":"","footnotes":""},"class_list":["post-71","page","type-page","status-publish","hentry"],"yoast_head":"<!-- This site is optimized with the Yoast SEO plugin v25.9 - https:\/\/yoast.com\/wordpress\/plugins\/seo\/ -->\n<title>Contact - Association Re-Cr\u00e9er<\/title>\n<meta name=\"robots\" content=\"index, follow, max-snippet:-1, max-image-preview:large, max-video-preview:-1\" \/>\n<link rel=\"canonical\" href=\"https:\/\/re-creer.com\/?page_id=71\" \/>\n<meta property=\"og:locale\" content=\"en_US\" \/>\n<meta property=\"og:type\" content=\"article\" \/>\n<meta property=\"og:title\" content=\"Contact - Association Re-Cr\u00e9er\" \/>\n<meta property=\"og:description\" content=\"Entrepreneurs, besoin d\u2019aide ou d\u2019\u00e9coute\u00a0pour partager vos difficult\u00e9s ? Pour \u00eatre \u00e9cout\u00e9 ou pour vous inscrire aux ateliers : &nbsp;\" \/>\n<meta property=\"og:url\" content=\"https:\/\/re-creer.com\/?page_id=71\" \/>\n<meta property=\"og:site_name\" content=\"Association Re-Cr\u00e9er\" \/>\n<meta property=\"article:modified_time\" content=\"2025-11-07T15:56:39+00:00\" \/>\n<meta name=\"twitter:card\" content=\"summary_large_image\" \/>\n<meta name=\"twitter:label1\" content=\"Est. reading time\" \/>\n\t<meta name=\"twitter:data1\" content=\"3 minutes\" \/>\n<script type=\"application\/ld+json\" class=\"yoast-schema-graph\">{\"@context\":\"https:\/\/schema.org\",\"@graph\":[{\"@type\":\"WebPage\",\"@id\":\"https:\/\/re-creer.com\/?page_id=71\",\"url\":\"https:\/\/re-creer.com\/?page_id=71\",\"name\":\"Contact - Association Re-Cr\u00e9er\",\"isPartOf\":{\"@id\":\"https:\/\/re-creer.com\/#website\"},\"datePublished\":\"2023-06-13T08:46:00+00:00\",\"dateModified\":\"2025-11-07T15:56:39+00:00\",\"breadcrumb\":{\"@id\":\"https:\/\/re-creer.com\/?page_id=71#breadcrumb\"},\"inLanguage\":\"en-US\",\"potentialAction\":[{\"@type\":\"ReadAction\",\"target\":[\"https:\/\/re-creer.com\/?page_id=71\"]}]},{\"@type\":\"BreadcrumbList\",\"@id\":\"https:\/\/re-creer.com\/?page_id=71#breadcrumb\",\"itemListElement\":[{\"@type\":\"ListItem\",\"position\":1,\"name\":\"Home\",\"item\":\"https:\/\/re-creer.com\/\"},{\"@type\":\"ListItem\",\"position\":2,\"name\":\"Contact\"}]},{\"@type\":\"WebSite\",\"@id\":\"https:\/\/re-creer.com\/#website\",\"url\":\"https:\/\/re-creer.com\/\",\"name\":\"Association Re-Cr\u00e9er\",\"description\":\"Se savoir \u00e9cout\u00e9, \u00e7a change tout\",\"potentialAction\":[{\"@type\":\"SearchAction\",\"target\":{\"@type\":\"EntryPoint\",\"urlTemplate\":\"https:\/\/re-creer.com\/?s={search_term_string}\"},\"query-input\":{\"@type\":\"PropertyValueSpecification\",\"valueRequired\":true,\"valueName\":\"search_term_string\"}}],\"inLanguage\":\"en-US\"}]}<\/script>\n<!-- \/ Yoast SEO plugin. -->","yoast_head_json":{"title":"Contact - Association Re-Cr\u00e9er","robots":{"index":"index","follow":"follow","max-snippet":"max-snippet:-1","max-image-preview":"max-image-preview:large","max-video-preview":"max-video-preview:-1"},"canonical":"https:\/\/re-creer.com\/?page_id=71","og_locale":"en_US","og_type":"article","og_title":"Contact - Association Re-Cr\u00e9er","og_description":"Entrepreneurs, besoin d\u2019aide ou d\u2019\u00e9coute\u00a0pour partager vos difficult\u00e9s ? Pour \u00eatre \u00e9cout\u00e9 ou pour vous inscrire aux ateliers : &nbsp;","og_url":"https:\/\/re-creer.com\/?page_id=71","og_site_name":"Association Re-Cr\u00e9er","article_modified_time":"2025-11-07T15:56:39+00:00","twitter_card":"summary_large_image","twitter_misc":{"Est. reading time":"3 minutes"},"schema":{"@context":"https:\/\/schema.org","@graph":[{"@type":"WebPage","@id":"https:\/\/re-creer.com\/?page_id=71","url":"https:\/\/re-creer.com\/?page_id=71","name":"Contact - Association Re-Cr\u00e9er","isPartOf":{"@id":"https:\/\/re-creer.com\/#website"},"datePublished":"2023-06-13T08:46:00+00:00","dateModified":"2025-11-07T15:56:39+00:00","breadcrumb":{"@id":"https:\/\/re-creer.com\/?page_id=71#breadcrumb"},"inLanguage":"en-US","potentialAction":[{"@type":"ReadAction","target":["https:\/\/re-creer.com\/?page_id=71"]}]},{"@type":"BreadcrumbList","@id":"https:\/\/re-creer.com\/?page_id=71#breadcrumb","itemListElement":[{"@type":"ListItem","position":1,"name":"Home","item":"https:\/\/re-creer.com\/"},{"@type":"ListItem","position":2,"name":"Contact"}]},{"@type":"WebSite","@id":"https:\/\/re-creer.com\/#website","url":"https:\/\/re-creer.com\/","name":"Association Re-Cr\u00e9er","description":"Se savoir \u00e9cout\u00e9, \u00e7a change tout","potentialAction":[{"@type":"SearchAction","target":{"@type":"EntryPoint","urlTemplate":"https:\/\/re-creer.com\/?s={search_term_string}"},"query-input":{"@type":"PropertyValueSpecification","valueRequired":true,"valueName":"search_term_string"}}],"inLanguage":"en-US"}]}},"_links":{"self":[{"href":"https:\/\/re-creer.com\/index.php?rest_route=\/wp\/v2\/pages\/71","targetHints":{"allow":["GET"]}}],"collection":[{"href":"https:\/\/re-creer.com\/index.php?rest_route=\/wp\/v2\/pages"}],"about":[{"href":"https:\/\/re-creer.com\/index.php?rest_route=\/wp\/v2\/types\/page"}],"author":[{"embeddable":true,"href":"https:\/\/re-creer.com\/index.php?rest_route=\/wp\/v2\/users\/1"}],"replies":[{"embeddable":true,"href":"https:\/\/re-creer.com\/index.php?rest_route=%2Fwp%2Fv2%2Fcomments&post=71"}],"version-history":[{"count":19,"href":"https:\/\/re-creer.com\/index.php?rest_route=\/wp\/v2\/pages\/71\/revisions"}],"predecessor-version":[{"id":343,"href":"https:\/\/re-creer.com\/index.php?rest_route=\/wp\/v2\/pages\/71\/revisions\/343"}],"wp:attachment":[{"href":"https:\/\/re-creer.com\/index.php?rest_route=%2Fwp%2Fv2%2Fmedia&parent=71"}],"curies":[{"name":"wp","href":"https:\/\/api.w.org\/{rel}","templated":true}]}}