{"id":68,"date":"2023-06-13T08:45:10","date_gmt":"2023-06-13T08:45:10","guid":{"rendered":"https:\/\/recreer.webeautiful.fr\/?page_id=68"},"modified":"2023-06-23T09:18:57","modified_gmt":"2023-06-23T09:18:57","slug":"les-ateliers-re-creer","status":"publish","type":"page","link":"https:\/\/re-creer.com\/?page_id=68","title":{"rendered":"Les ateliers Re-Cr\u00e9er"},"content":{"rendered":"<p>[et_pb_section fb_built=&#8221;1&#8243; admin_label=&#8221;Header&#8221; _builder_version=&#8221;4.14.8&#8243; background_color=&#8221;#ffffff&#8221; background_enable_image=&#8221;off&#8221; background_size=&#8221;contain&#8221; custom_margin=&#8221;||||false&#8221; custom_padding=&#8221;4vw||4vw||true|false&#8221; locked=&#8221;off&#8221; global_colors_info=&#8221;{}&#8221;][et_pb_row _builder_version=&#8221;3.25&#8243; background_size=&#8221;contain&#8221; animation_style=&#8221;zoom&#8221; animation_intensity_zoom=&#8221;10%&#8221; global_colors_info=&#8221;{}&#8221;][et_pb_column type=&#8221;4_4&#8243; _builder_version=&#8221;3.25&#8243; custom_padding=&#8221;|||&#8221; global_colors_info=&#8221;{}&#8221; custom_padding__hover=&#8221;|||&#8221;][et_pb_text _builder_version=&#8221;4.14.8&#8243; text_font=&#8221;||||||||&#8221; ul_font=&#8221;||||||||&#8221; ol_font=&#8221;||||||||&#8221; header_font=&#8221;Montserrat|500||on|||||&#8221; header_font_size=&#8221;18px&#8221; header_letter_spacing=&#8221;5px&#8221; header_line_height=&#8221;1.5em&#8221; header_2_font=&#8221;Montserrat|700|||||||&#8221; header_2_font_size=&#8221;60px&#8221; header_2_line_height=&#8221;1.4em&#8221; header_3_font=&#8221;||||||||&#8221; header_4_font=&#8221;||||||||&#8221; header_5_font=&#8221;||||||||&#8221; header_6_font=&#8221;||||||||&#8221; text_orientation=&#8221;center&#8221; header_font_size_tablet=&#8221;&#8221; header_font_size_phone=&#8221;12px&#8221; header_font_size_last_edited=&#8221;on|desktop&#8221; header_2_font_size_tablet=&#8221;50px&#8221; header_2_font_size_phone=&#8221;30px&#8221; header_2_font_size_last_edited=&#8221;on|desktop&#8221; global_colors_info=&#8221;{}&#8221;]<\/p>\n<h2>Des ateliers pour rebondir ensemble<\/h2>\n<h1 class=\"heading-38\"><\/h1>\n<p>[\/et_pb_text][\/et_pb_column][\/et_pb_row][\/et_pb_section][et_pb_section fb_built=&#8221;1&#8243; prev_background_color=&#8221;#ffffff&#8221; admin_label=&#8221;About&#8221; _builder_version=&#8221;4.14.8&#8243; background_color=&#8221;#fafafa&#8221; use_background_color_gradient=&#8221;on&#8221; background_color_gradient_start=&#8221;#fafafa&#8221; background_color_gradient_end=&#8221;#ffffff&#8221; background_enable_image=&#8221;off&#8221; background_size=&#8221;contain&#8221; background_position=&#8221;bottom_right&#8221; background_blend=&#8221;multiply&#8221; custom_padding=&#8221;10vw||200px||false|false&#8221; top_divider_style=&#8221;wave&#8221; top_divider_height=&#8221;10vw&#8221; top_divider_repeat=&#8221;0.75x&#8221; locked=&#8221;off&#8221; global_colors_info=&#8221;{}&#8221;][et_pb_row column_structure=&#8221;1_2,1_2&#8243; _builder_version=&#8221;3.25&#8243; locked=&#8221;off&#8221; global_colors_info=&#8221;{}&#8221;][et_pb_column type=&#8221;1_2&#8243; _builder_version=&#8221;3.25&#8243; custom_padding=&#8221;|||&#8221; global_colors_info=&#8221;{}&#8221; custom_padding__hover=&#8221;|||&#8221;][et_pb_text _builder_version=&#8221;4.14.8&#8243; text_font=&#8221;||||||||&#8221; text_line_height=&#8221;2em&#8221; header_font=&#8221;||||||||&#8221; header_3_font=&#8221;Montserrat|700|||||||&#8221; header_3_font_size=&#8221;26px&#8221; header_3_line_height=&#8221;1.3em&#8221; header_3_font_size_tablet=&#8221;&#8221; header_3_font_size_phone=&#8221;20px&#8221; header_3_font_size_last_edited=&#8221;on|phone&#8221; locked=&#8221;off&#8221; global_colors_info=&#8221;{}&#8221;]<\/p>\n<h3 class=\"heading-17\">Pourquoi ?<\/h3>\n<p>Pour se re-cr\u00e9er, il est tr\u00e8s utile de partager avec ses pairs les difficult\u00e9s professionnelles et souvent personnelles que l\u2019on vit et qu\u2019eux ont aussi v\u00e9cu.<\/p>\n<p>&nbsp;<\/p>\n<h3 class=\"heading-17\">Qui y participe ?<\/h3>\n<p>Seuls des entrepreneurs ou des dirigeants qui ont rebondi ou en cours de rebond apr\u00e8s avoir v\u00e9cu des difficult\u00e9s similaires sont pr\u00e9sents pour \u00e9couter (dans l&#8217;empathie et la confidentialit\u00e9) ceux qui les vivent afin de leur redonner confiance en eux et les aider \u00e0 trouver les ressources n\u00e9cessaires pour pouvoir rebondir.<\/p>\n<p>&nbsp;<\/p>\n<h3 class=\"heading-17\">Quel int\u00e9r\u00eat ?<\/h3>\n<p><span>Rompre son isolement, s\u2019entraider, pouvoir exposer les probl\u00e8mes rencontr\u00e9s, discuter ses projets avec d\u2019autres entrepreneurs ou dirigeants, s\u2019attacher au v\u00e9cu et au r\u00e9el de chacun, tel est l\u2019objectif de ces ateliers qui permettent ainsi de rebondir ensemble.<\/span><br \/><strong><em><\/em><\/strong><\/p>\n<p><span><\/span><\/p>\n<p>[\/et_pb_text][\/et_pb_column][et_pb_column type=&#8221;1_2&#8243; _builder_version=&#8221;3.25&#8243; custom_padding=&#8221;|||&#8221; global_colors_info=&#8221;{}&#8221; custom_padding__hover=&#8221;|||&#8221;][et_pb_text _builder_version=&#8221;4.14.8&#8243; text_font=&#8221;||||||||&#8221; text_line_height=&#8221;2em&#8221; header_font=&#8221;||||||||&#8221; header_3_font=&#8221;Montserrat|700|||||||&#8221; header_3_font_size=&#8221;26px&#8221; header_3_line_height=&#8221;1.3em&#8221; header_3_font_size_tablet=&#8221;&#8221; header_3_font_size_phone=&#8221;20px&#8221; header_3_font_size_last_edited=&#8221;on|phone&#8221; locked=&#8221;off&#8221; global_colors_info=&#8221;{}&#8221;]<\/p>\n<p><span><\/span><\/p>\n<h3 class=\"heading-17\">O\u00f9 et quand ?<\/h3>\n<h4 class=\"heading-17\">Les ateliers sont en pr\u00e9sentiel sur Paris et\/o\u00f9 en Visio pour tous ceux qui ne peuvent se d\u00e9placer.<\/h4>\n<div class=\"text-block-6\">\n<p>Inscrivez-vous ci-dessous pour recevoir les dates de nos ateliers.<\/p>\n<p>En retour, par mail, vous serez inform\u00e9 de toutes informations compl\u00e9mentaires.<\/p>\n<p>Sauf changement, les ateliers en pr\u00e9sentiels se d\u00e9roulent les seconds jeudi de chaque mois,<br \/>de 18h \u00e0 20h30 aux Arts et M\u00e9tiers (ENSAM), 155 boulevard de l\u2019H\u00f4pital 75013 Paris (M\u00e9tro aux Arts et M\u00e9tiers)<\/p>\n<p><strong>LES ATELIERS REPRENDRONT EN SEPTEMBRE<\/strong><\/p>\n<\/div>\n<div class=\"text-block-6\">&#8211;<\/div>\n<div class=\"text-block-6\"><strong><span>\u26a0\ufe0f <\/span><em>Participer c\u2019est s\u2019engager <\/em>:<br \/>1\u00b0) <em>\u00e0 ne pas communiquer \u00e0 des tiers ou \u00e0 ne pas exploiter, sous quelque forme que cela soit, toute information, toute id\u00e9e ou tout projet qui aurait \u00e9t\u00e9 d\u00e9velopp\u00e9 \u00e0 un \u00ab Atelier \u00bb par un autre participant<\/em><br \/><span>2\u00b0) <\/span><em>\u00e0 ne pas proposer des services ou des conseils r\u00e9mun\u00e9r\u00e9s \u00e0 un autre participant, sans l\u2019accord \u00e9crit de l\u2019association RE-CR\u00c9ER.<\/em><\/strong><\/div>\n<p>[\/et_pb_text][\/et_pb_column][\/et_pb_row][et_pb_row column_structure=&#8221;1_2,1_2&#8243; _builder_version=&#8221;4.14.8&#8243; _module_preset=&#8221;default&#8221; global_colors_info=&#8221;{}&#8221;][et_pb_column type=&#8221;1_2&#8243; _builder_version=&#8221;4.14.8&#8243; _module_preset=&#8221;default&#8221; global_colors_info=&#8221;{}&#8221;][et_pb_button button_url=&#8221;?page_id=71&#8243; button_text=&#8221;Inscrivez-vous&#8221; button_alignment=&#8221;center&#8221; _builder_version=&#8221;4.14.8&#8243; custom_button=&#8221;on&#8221; button_text_size=&#8221;15px&#8221; button_text_color=&#8221;#ffffff&#8221; button_bg_color=&#8221;#10eb0a&#8221; button_border_width=&#8221;0px&#8221; button_border_color=&#8221;rgba(0,0,0,0)&#8221; button_border_radius=&#8221;100px&#8221; button_letter_spacing=&#8221;1px&#8221; button_font=&#8221;Montserrat|700||on|||||&#8221; button_use_icon=&#8221;off&#8221; custom_margin=&#8221;30px||||false|false&#8221; custom_padding=&#8221;16px|30px|16px|30px|true|true&#8221; box_shadow_style=&#8221;preset1&#8243; box_shadow_vertical=&#8221;10px&#8221; box_shadow_blur=&#8221;20px&#8221; box_shadow_color=&#8221;rgba(21,195,154,0.3)&#8221; button_letter_spacing_hover=&#8221;2px&#8221; locked=&#8221;off&#8221; global_colors_info=&#8221;{}&#8221; button_text_size__hover_enabled=&#8221;off&#8221; button_one_text_size__hover_enabled=&#8221;off&#8221; button_two_text_size__hover_enabled=&#8221;off&#8221; button_text_color__hover_enabled=&#8221;off&#8221; button_one_text_color__hover_enabled=&#8221;off&#8221; button_two_text_color__hover_enabled=&#8221;off&#8221; button_border_width__hover_enabled=&#8221;off&#8221; button_one_border_width__hover_enabled=&#8221;off&#8221; button_two_border_width__hover_enabled=&#8221;off&#8221; button_border_color__hover_enabled=&#8221;off&#8221; button_one_border_color__hover_enabled=&#8221;off&#8221; button_two_border_color__hover_enabled=&#8221;off&#8221; button_border_radius__hover_enabled=&#8221;off&#8221; button_one_border_radius__hover_enabled=&#8221;off&#8221; button_two_border_radius__hover_enabled=&#8221;off&#8221; button_letter_spacing__hover_enabled=&#8221;on&#8221; button_letter_spacing__hover=&#8221;2px&#8221; button_one_letter_spacing__hover_enabled=&#8221;off&#8221; button_two_letter_spacing__hover_enabled=&#8221;off&#8221; button_bg_color__hover_enabled=&#8221;off&#8221; button_one_bg_color__hover_enabled=&#8221;off&#8221; button_two_bg_color__hover_enabled=&#8221;off&#8221;][\/et_pb_button][\/et_pb_column][et_pb_column type=&#8221;1_2&#8243; _builder_version=&#8221;4.14.8&#8243; _module_preset=&#8221;default&#8221; global_colors_info=&#8221;{}&#8221;][et_pb_image src=&#8221;https:\/\/recreer.webeautiful.fr\/wp-content\/uploads\/2023\/06\/631a0af0d1b4a07e5ca56f67_7BF4C334-2FE6-49B1-914C-6D334BB9CA5C.png&#8221; title_text=&#8221;ateliers&#8221; url_new_window=&#8221;on&#8221; _builder_version=&#8221;4.14.8&#8243; _module_preset=&#8221;default&#8221; hover_enabled=&#8221;0&#8243; global_colors_info=&#8221;{}&#8221; sticky_enabled=&#8221;0&#8243;][\/et_pb_image][\/et_pb_column][\/et_pb_row][\/et_pb_section]<\/p>\n","protected":false},"excerpt":{"rendered":"<p>Des ateliers pour rebondir ensemble Pourquoi ? Pour se re-cr\u00e9er, il est tr\u00e8s utile de partager avec ses pairs les difficult\u00e9s professionnelles et souvent personnelles que l\u2019on vit et qu\u2019eux ont aussi v\u00e9cu. &nbsp; Qui y participe ? Seuls des entrepreneurs ou des dirigeants qui ont rebondi ou en cours de rebond apr\u00e8s avoir v\u00e9cu [&hellip;]<\/p>\n","protected":false},"author":1,"featured_media":0,"parent":0,"menu_order":0,"comment_status":"closed","ping_status":"closed","template":"","meta":{"_et_pb_use_builder":"on","_et_pb_old_content":"","_et_gb_content_width":"","footnotes":""},"class_list":["post-68","page","type-page","status-publish","hentry"],"yoast_head":"<!-- This site is optimized with the Yoast SEO plugin v25.9 - https:\/\/yoast.com\/wordpress\/plugins\/seo\/ -->\n<title>Les ateliers Re-Cr\u00e9er - Association Re-Cr\u00e9er<\/title>\n<meta name=\"robots\" content=\"index, follow, max-snippet:-1, max-image-preview:large, max-video-preview:-1\" \/>\n<link rel=\"canonical\" href=\"https:\/\/re-creer.com\/?page_id=68\" \/>\n<meta property=\"og:locale\" content=\"en_US\" \/>\n<meta property=\"og:type\" content=\"article\" \/>\n<meta property=\"og:title\" content=\"Les ateliers Re-Cr\u00e9er - Association Re-Cr\u00e9er\" \/>\n<meta property=\"og:description\" content=\"Des ateliers pour rebondir ensemble Pourquoi ? Pour se re-cr\u00e9er, il est tr\u00e8s utile de partager avec ses pairs les difficult\u00e9s professionnelles et souvent personnelles que l\u2019on vit et qu\u2019eux ont aussi v\u00e9cu. &nbsp; Qui y participe ? Seuls des entrepreneurs ou des dirigeants qui ont rebondi ou en cours de rebond apr\u00e8s avoir v\u00e9cu [&hellip;]\" \/>\n<meta property=\"og:url\" content=\"https:\/\/re-creer.com\/?page_id=68\" \/>\n<meta property=\"og:site_name\" content=\"Association Re-Cr\u00e9er\" \/>\n<meta property=\"article:modified_time\" content=\"2023-06-23T09:18:57+00:00\" \/>\n<meta name=\"twitter:card\" content=\"summary_large_image\" \/>\n<meta name=\"twitter:label1\" content=\"Est. reading time\" \/>\n\t<meta name=\"twitter:data1\" content=\"5 minutes\" \/>\n<script type=\"application\/ld+json\" class=\"yoast-schema-graph\">{\"@context\":\"https:\/\/schema.org\",\"@graph\":[{\"@type\":\"WebPage\",\"@id\":\"https:\/\/re-creer.com\/?page_id=68\",\"url\":\"https:\/\/re-creer.com\/?page_id=68\",\"name\":\"Les ateliers Re-Cr\u00e9er - Association Re-Cr\u00e9er\",\"isPartOf\":{\"@id\":\"https:\/\/re-creer.com\/#website\"},\"datePublished\":\"2023-06-13T08:45:10+00:00\",\"dateModified\":\"2023-06-23T09:18:57+00:00\",\"breadcrumb\":{\"@id\":\"https:\/\/re-creer.com\/?page_id=68#breadcrumb\"},\"inLanguage\":\"en-US\",\"potentialAction\":[{\"@type\":\"ReadAction\",\"target\":[\"https:\/\/re-creer.com\/?page_id=68\"]}]},{\"@type\":\"BreadcrumbList\",\"@id\":\"https:\/\/re-creer.com\/?page_id=68#breadcrumb\",\"itemListElement\":[{\"@type\":\"ListItem\",\"position\":1,\"name\":\"Home\",\"item\":\"https:\/\/re-creer.com\/\"},{\"@type\":\"ListItem\",\"position\":2,\"name\":\"Les ateliers Re-Cr\u00e9er\"}]},{\"@type\":\"WebSite\",\"@id\":\"https:\/\/re-creer.com\/#website\",\"url\":\"https:\/\/re-creer.com\/\",\"name\":\"Association Re-Cr\u00e9er\",\"description\":\"Se savoir \u00e9cout\u00e9, \u00e7a change tout\",\"potentialAction\":[{\"@type\":\"SearchAction\",\"target\":{\"@type\":\"EntryPoint\",\"urlTemplate\":\"https:\/\/re-creer.com\/?s={search_term_string}\"},\"query-input\":{\"@type\":\"PropertyValueSpecification\",\"valueRequired\":true,\"valueName\":\"search_term_string\"}}],\"inLanguage\":\"en-US\"}]}<\/script>\n<!-- \/ Yoast SEO plugin. -->","yoast_head_json":{"title":"Les ateliers Re-Cr\u00e9er - Association Re-Cr\u00e9er","robots":{"index":"index","follow":"follow","max-snippet":"max-snippet:-1","max-image-preview":"max-image-preview:large","max-video-preview":"max-video-preview:-1"},"canonical":"https:\/\/re-creer.com\/?page_id=68","og_locale":"en_US","og_type":"article","og_title":"Les ateliers Re-Cr\u00e9er - Association Re-Cr\u00e9er","og_description":"Des ateliers pour rebondir ensemble Pourquoi ? Pour se re-cr\u00e9er, il est tr\u00e8s utile de partager avec ses pairs les difficult\u00e9s professionnelles et souvent personnelles que l\u2019on vit et qu\u2019eux ont aussi v\u00e9cu. &nbsp; Qui y participe ? Seuls des entrepreneurs ou des dirigeants qui ont rebondi ou en cours de rebond apr\u00e8s avoir v\u00e9cu [&hellip;]","og_url":"https:\/\/re-creer.com\/?page_id=68","og_site_name":"Association Re-Cr\u00e9er","article_modified_time":"2023-06-23T09:18:57+00:00","twitter_card":"summary_large_image","twitter_misc":{"Est. reading time":"5 minutes"},"schema":{"@context":"https:\/\/schema.org","@graph":[{"@type":"WebPage","@id":"https:\/\/re-creer.com\/?page_id=68","url":"https:\/\/re-creer.com\/?page_id=68","name":"Les ateliers Re-Cr\u00e9er - Association Re-Cr\u00e9er","isPartOf":{"@id":"https:\/\/re-creer.com\/#website"},"datePublished":"2023-06-13T08:45:10+00:00","dateModified":"2023-06-23T09:18:57+00:00","breadcrumb":{"@id":"https:\/\/re-creer.com\/?page_id=68#breadcrumb"},"inLanguage":"en-US","potentialAction":[{"@type":"ReadAction","target":["https:\/\/re-creer.com\/?page_id=68"]}]},{"@type":"BreadcrumbList","@id":"https:\/\/re-creer.com\/?page_id=68#breadcrumb","itemListElement":[{"@type":"ListItem","position":1,"name":"Home","item":"https:\/\/re-creer.com\/"},{"@type":"ListItem","position":2,"name":"Les ateliers Re-Cr\u00e9er"}]},{"@type":"WebSite","@id":"https:\/\/re-creer.com\/#website","url":"https:\/\/re-creer.com\/","name":"Association Re-Cr\u00e9er","description":"Se savoir \u00e9cout\u00e9, \u00e7a change tout","potentialAction":[{"@type":"SearchAction","target":{"@type":"EntryPoint","urlTemplate":"https:\/\/re-creer.com\/?s={search_term_string}"},"query-input":{"@type":"PropertyValueSpecification","valueRequired":true,"valueName":"search_term_string"}}],"inLanguage":"en-US"}]}},"_links":{"self":[{"href":"https:\/\/re-creer.com\/index.php?rest_route=\/wp\/v2\/pages\/68","targetHints":{"allow":["GET"]}}],"collection":[{"href":"https:\/\/re-creer.com\/index.php?rest_route=\/wp\/v2\/pages"}],"about":[{"href":"https:\/\/re-creer.com\/index.php?rest_route=\/wp\/v2\/types\/page"}],"author":[{"embeddable":true,"href":"https:\/\/re-creer.com\/index.php?rest_route=\/wp\/v2\/users\/1"}],"replies":[{"embeddable":true,"href":"https:\/\/re-creer.com\/index.php?rest_route=%2Fwp%2Fv2%2Fcomments&post=68"}],"version-history":[{"count":7,"href":"https:\/\/re-creer.com\/index.php?rest_route=\/wp\/v2\/pages\/68\/revisions"}],"predecessor-version":[{"id":230,"href":"https:\/\/re-creer.com\/index.php?rest_route=\/wp\/v2\/pages\/68\/revisions\/230"}],"wp:attachment":[{"href":"https:\/\/re-creer.com\/index.php?rest_route=%2Fwp%2Fv2%2Fmedia&parent=68"}],"curies":[{"name":"wp","href":"https:\/\/api.w.org\/{rel}","templated":true}]}}