{"id":60,"date":"2023-06-13T08:41:37","date_gmt":"2023-06-13T08:41:37","guid":{"rendered":"https:\/\/recreer.webeautiful.fr\/?page_id=60"},"modified":"2025-10-14T08:29:00","modified_gmt":"2025-10-14T08:29:00","slug":"faire-un-don","status":"publish","type":"page","link":"https:\/\/re-creer.com\/?page_id=60","title":{"rendered":"Faire un don"},"content":{"rendered":"<p>[et_pb_section fb_built=&#8221;1&#8243; admin_label=&#8221;Header&#8221; _builder_version=&#8221;4.16&#8243; background_color=&#8221;#ffffff&#8221; background_enable_image=&#8221;off&#8221; background_size=&#8221;contain&#8221; custom_margin=&#8221;||||false&#8221; custom_padding=&#8221;4vw||4vw||true|false&#8221; locked=&#8221;off&#8221; global_colors_info=&#8221;{}&#8221;][et_pb_row _builder_version=&#8221;4.16&#8243; background_size=&#8221;contain&#8221; animation_style=&#8221;zoom&#8221; animation_intensity_zoom=&#8221;10%&#8221; global_colors_info=&#8221;{}&#8221;][et_pb_column type=&#8221;4_4&#8243; _builder_version=&#8221;4.16&#8243; custom_padding=&#8221;|||&#8221; global_colors_info=&#8221;{}&#8221; custom_padding__hover=&#8221;|||&#8221;][et_pb_text _builder_version=&#8221;4.16&#8243; text_font=&#8221;||||||||&#8221; ul_font=&#8221;||||||||&#8221; ol_font=&#8221;||||||||&#8221; header_font=&#8221;Montserrat|500||on|||||&#8221; header_font_size=&#8221;18px&#8221; header_letter_spacing=&#8221;5px&#8221; header_line_height=&#8221;1.5em&#8221; header_2_font=&#8221;Montserrat|700|||||||&#8221; header_2_font_size=&#8221;60px&#8221; header_2_line_height=&#8221;1.4em&#8221; header_3_font=&#8221;||||||||&#8221; header_4_font=&#8221;||||||||&#8221; header_5_font=&#8221;||||||||&#8221; header_6_font=&#8221;||||||||&#8221; text_orientation=&#8221;center&#8221; header_font_size_tablet=&#8221;&#8221; header_font_size_phone=&#8221;12px&#8221; header_font_size_last_edited=&#8221;on|desktop&#8221; header_2_font_size_tablet=&#8221;50px&#8221; header_2_font_size_phone=&#8221;30px&#8221; header_2_font_size_last_edited=&#8221;on|desktop&#8221; global_colors_info=&#8221;{}&#8221;]<\/p>\n<h2>Faire un don<\/h2>\n<h1 class=\"heading-38\">Organisme d\u2019int\u00e9r\u00eat g\u00e9n\u00e9ral \u00e0 caract\u00e8re social<\/h1>\n<p>[\/et_pb_text][\/et_pb_column][\/et_pb_row][\/et_pb_section][et_pb_section fb_built=&#8221;1&#8243; prev_background_color=&#8221;#ffffff&#8221; admin_label=&#8221;About&#8221; _builder_version=&#8221;4.16&#8243; background_color=&#8221;#fafafa&#8221; use_background_color_gradient=&#8221;on&#8221; background_color_gradient_stops=&#8221;#fafafa 0%|#ffffff 100%&#8221; background_color_gradient_start=&#8221;#fafafa&#8221; background_color_gradient_end=&#8221;#ffffff&#8221; background_enable_image=&#8221;off&#8221; background_size=&#8221;contain&#8221; background_position=&#8221;bottom_right&#8221; background_blend=&#8221;multiply&#8221; custom_padding=&#8221;10vw|||&#8221; top_divider_style=&#8221;wave&#8221; top_divider_height=&#8221;10vw&#8221; top_divider_repeat=&#8221;0.75x&#8221; locked=&#8221;off&#8221; global_colors_info=&#8221;{}&#8221;][et_pb_row column_structure=&#8221;1_2,1_2&#8243; _builder_version=&#8221;4.16&#8243; locked=&#8221;off&#8221; global_colors_info=&#8221;{}&#8221;][et_pb_column type=&#8221;1_2&#8243; _builder_version=&#8221;4.16&#8243; custom_padding=&#8221;|||&#8221; global_colors_info=&#8221;{}&#8221; custom_padding__hover=&#8221;|||&#8221;][et_pb_text _builder_version=&#8221;4.16&#8243; text_font=&#8221;||||||||&#8221; text_line_height=&#8221;2em&#8221; header_font=&#8221;||||||||&#8221; header_3_font=&#8221;Montserrat|700|||||||&#8221; header_3_font_size=&#8221;26px&#8221; header_3_line_height=&#8221;1.3em&#8221; header_3_font_size_tablet=&#8221;&#8221; header_3_font_size_phone=&#8221;20px&#8221; header_3_font_size_last_edited=&#8221;on|phone&#8221; locked=&#8221;off&#8221; global_colors_info=&#8221;{}&#8221;]<\/p>\n<h3 class=\"heading-17\">Pourquoi donner ?<\/h3>\n<ul role=\"list\">\n<li>\n<div>Pour que les entrepreneurs confront\u00e9s \u00e0 des difficult\u00e9s soient \u00e9cout\u00e9s et continuent \u00e0 pouvoir b\u00e9n\u00e9ficier d\u2019un r\u00e9confort moral et d\u2019un soutien pratique,<\/div>\n<\/li>\n<li>\n<div>Pour que les diff\u00e9rents acteurs de l\u2019environnement \u00e9conomique des entreprises soient sensibilis\u00e9s aux nombreux obstacles concrets rencontr\u00e9s par l\u2019entrepreneur qui veut rebondir,<\/div>\n<\/li>\n<li>\n<div>Car tout ce que nous avons entrepris depuis 1999 n\u2019a \u00e9t\u00e9 rendu possible que par les cotisations de nos membres qui nous permettent de financer nos activit\u00e9s, RE-CR\u00c9ER est une association de b\u00e9n\u00e9voles.<\/div>\n<\/li>\n<\/ul>\n<p>[\/et_pb_text][\/et_pb_column][et_pb_column type=&#8221;1_2&#8243; _builder_version=&#8221;4.16&#8243; custom_padding=&#8221;|||&#8221; global_colors_info=&#8221;{}&#8221; custom_padding__hover=&#8221;|||&#8221;][et_pb_icon font_icon=&#8221;&#xf4be;||fa||900&#8243; icon_color=&#8221;gcid-af86f2ab-02ee-4104-9a69-19a1d1493be4&#8243; icon_width=&#8221;200px&#8221; _builder_version=&#8221;4.16&#8243; _module_preset=&#8221;default&#8221; global_colors_info=&#8221;{%22gcid-af86f2ab-02ee-4104-9a69-19a1d1493be4%22:%91%22icon_color%22%93}&#8221;][\/et_pb_icon][\/et_pb_column][\/et_pb_row][et_pb_row column_structure=&#8221;1_2,1_2&#8243; _builder_version=&#8221;4.16&#8243; custom_padding=&#8221;80px||150px||false|false&#8221; locked=&#8221;off&#8221; global_colors_info=&#8221;{}&#8221;][et_pb_column type=&#8221;1_2&#8243; _builder_version=&#8221;4.16&#8243; custom_padding=&#8221;|||&#8221; global_colors_info=&#8221;{}&#8221; custom_padding__hover=&#8221;|||&#8221;][et_pb_text _builder_version=&#8221;4.27.4&#8243; text_font=&#8221;||||||||&#8221; text_line_height=&#8221;2em&#8221; link_text_color=&#8221;gcid-325392c8-4291-4da5-88f5-1d95943be677&#8243; header_font=&#8221;||||||||&#8221; header_2_font=&#8221;Merriweather|700|||||||&#8221; header_2_font_size=&#8221;36px&#8221; header_2_line_height=&#8221;1.6em&#8221; header_3_font=&#8221;Montserrat|700|||||||&#8221; header_3_text_color=&#8221;gcid-af86f2ab-02ee-4104-9a69-19a1d1493be4&#8243; header_3_font_size=&#8221;18px&#8221; header_3_line_height=&#8221;1.8em&#8221; hover_enabled=&#8221;0&#8243; header_2_font_size_tablet=&#8221;&#8221; header_2_font_size_phone=&#8221;20px&#8221; header_2_font_size_last_edited=&#8221;on|phone&#8221; header_3_font_size_tablet=&#8221;&#8221; header_3_font_size_phone=&#8221;14px&#8221; header_3_font_size_last_edited=&#8221;on|phone&#8221; locked=&#8221;off&#8221; global_colors_info=&#8221;{%22gcid-af86f2ab-02ee-4104-9a69-19a1d1493be4%22:%91%22header_3_text_color%22%93,%22gcid-325392c8-4291-4da5-88f5-1d95943be677%22:%91%22link_text_color%22%93}&#8221; sticky_enabled=&#8221;0&#8243;]<\/p>\n<h3>Faire un don par courrier<\/h3>\n<ul role=\"list\">\n<li><a href=\"https:\/\/re-creer.com\/wp-content\/uploads\/2025\/10\/don-recreer.docx\"><span>T\u00e9l\u00e9charger et imprimer le<\/span>\u00a0bulletin de don<\/a><span>, puis envoyer votre ch\u00e8que \u00e0 l&#8217;Association RE-CREER, chez Christian de BAECQUE &#8211; 11 avenue Th\u00e9ophile Gautier 75016 Paris<\/span><\/li>\n<\/ul>\n<p>[\/et_pb_text][\/et_pb_column][et_pb_column type=&#8221;1_2&#8243; _builder_version=&#8221;4.16&#8243; custom_padding=&#8221;|||&#8221; global_colors_info=&#8221;{}&#8221; custom_padding__hover=&#8221;|||&#8221;][et_pb_text _builder_version=&#8221;4.27.4&#8243; text_font=&#8221;||||||||&#8221; text_line_height=&#8221;2em&#8221; link_text_color=&#8221;gcid-325392c8-4291-4da5-88f5-1d95943be677&#8243; header_font=&#8221;||||||||&#8221; header_2_font=&#8221;Merriweather|700|||||||&#8221; header_2_font_size=&#8221;36px&#8221; header_2_line_height=&#8221;1.6em&#8221; header_3_font=&#8221;Montserrat|700|||||||&#8221; header_3_text_color=&#8221;gcid-af86f2ab-02ee-4104-9a69-19a1d1493be4&#8243; header_3_font_size=&#8221;18px&#8221; header_3_line_height=&#8221;1.8em&#8221; hover_enabled=&#8221;0&#8243; header_2_font_size_tablet=&#8221;&#8221; header_2_font_size_phone=&#8221;20px&#8221; header_2_font_size_last_edited=&#8221;on|phone&#8221; header_3_font_size_tablet=&#8221;&#8221; header_3_font_size_phone=&#8221;14px&#8221; header_3_font_size_last_edited=&#8221;on|phone&#8221; locked=&#8221;off&#8221; global_colors_info=&#8221;{%22gcid-af86f2ab-02ee-4104-9a69-19a1d1493be4%22:%91%22header_3_text_color%22%93,%22gcid-325392c8-4291-4da5-88f5-1d95943be677%22:%91%22link_text_color%22%93}&#8221; sticky_enabled=&#8221;0&#8243;]<\/p>\n<h3>Faire un don par virement<\/h3>\n<ul role=\"list\">\n<li><span><a href=\"https:\/\/re-creer.com\/wp-content\/uploads\/2025\/10\/don-recreer.docx\">T\u00e9l\u00e9charger le bulletin de don<\/a> puis envoyez le \u00e0 <\/span><a href=\"mailto:info@re-creer.com?subject=Adh%C3%A9sion%20%C3%A0%20RE-CREER\">info@re-creer.com<\/a><span><span> et effectuez un virement au compte bancaire, IBAN : <\/span><\/span><b style=\"font-size: 14px;\">FR 76 3006 6101 2100 0202 1680 457<\/b>\n<div><\/div>\n<\/li>\n<\/ul>\n<p>[\/et_pb_text][\/et_pb_column][\/et_pb_row][\/et_pb_section]<\/p>\n","protected":false},"excerpt":{"rendered":"<p>Faire un don Organisme d\u2019int\u00e9r\u00eat g\u00e9n\u00e9ral \u00e0 caract\u00e8re socialPourquoi donner ? Pour que les entrepreneurs confront\u00e9s \u00e0 des difficult\u00e9s soient \u00e9cout\u00e9s et continuent \u00e0 pouvoir b\u00e9n\u00e9ficier d\u2019un r\u00e9confort moral et d\u2019un soutien pratique, Pour que les diff\u00e9rents acteurs de l\u2019environnement \u00e9conomique des entreprises soient sensibilis\u00e9s aux nombreux obstacles concrets rencontr\u00e9s par l\u2019entrepreneur qui veut rebondir, [&hellip;]<\/p>\n","protected":false},"author":1,"featured_media":0,"parent":0,"menu_order":0,"comment_status":"closed","ping_status":"closed","template":"","meta":{"_et_pb_use_builder":"on","_et_pb_old_content":"","_et_gb_content_width":"","footnotes":""},"class_list":["post-60","page","type-page","status-publish","hentry"],"yoast_head":"<!-- This site is optimized with the Yoast SEO plugin v25.9 - https:\/\/yoast.com\/wordpress\/plugins\/seo\/ -->\n<title>Faire un don - Association Re-Cr\u00e9er<\/title>\n<meta name=\"robots\" content=\"index, follow, max-snippet:-1, max-image-preview:large, max-video-preview:-1\" \/>\n<link rel=\"canonical\" href=\"https:\/\/re-creer.com\/?page_id=60\" \/>\n<meta property=\"og:locale\" content=\"en_US\" \/>\n<meta property=\"og:type\" content=\"article\" \/>\n<meta property=\"og:title\" content=\"Faire un don - Association Re-Cr\u00e9er\" \/>\n<meta property=\"og:description\" content=\"Faire un don Organisme d\u2019int\u00e9r\u00eat g\u00e9n\u00e9ral \u00e0 caract\u00e8re socialPourquoi donner ? Pour que les entrepreneurs confront\u00e9s \u00e0 des difficult\u00e9s soient \u00e9cout\u00e9s et continuent \u00e0 pouvoir b\u00e9n\u00e9ficier d\u2019un r\u00e9confort moral et d\u2019un soutien pratique, Pour que les diff\u00e9rents acteurs de l\u2019environnement \u00e9conomique des entreprises soient sensibilis\u00e9s aux nombreux obstacles concrets rencontr\u00e9s par l\u2019entrepreneur qui veut rebondir, [&hellip;]\" \/>\n<meta property=\"og:url\" content=\"https:\/\/re-creer.com\/?page_id=60\" \/>\n<meta property=\"og:site_name\" content=\"Association Re-Cr\u00e9er\" \/>\n<meta property=\"article:modified_time\" content=\"2025-10-14T08:29:00+00:00\" \/>\n<meta name=\"twitter:card\" content=\"summary_large_image\" \/>\n<meta name=\"twitter:label1\" content=\"Est. reading time\" \/>\n\t<meta name=\"twitter:data1\" content=\"4 minutes\" \/>\n<script type=\"application\/ld+json\" class=\"yoast-schema-graph\">{\"@context\":\"https:\/\/schema.org\",\"@graph\":[{\"@type\":\"WebPage\",\"@id\":\"https:\/\/re-creer.com\/?page_id=60\",\"url\":\"https:\/\/re-creer.com\/?page_id=60\",\"name\":\"Faire un don - Association Re-Cr\u00e9er\",\"isPartOf\":{\"@id\":\"https:\/\/re-creer.com\/#website\"},\"datePublished\":\"2023-06-13T08:41:37+00:00\",\"dateModified\":\"2025-10-14T08:29:00+00:00\",\"breadcrumb\":{\"@id\":\"https:\/\/re-creer.com\/?page_id=60#breadcrumb\"},\"inLanguage\":\"en-US\",\"potentialAction\":[{\"@type\":\"ReadAction\",\"target\":[\"https:\/\/re-creer.com\/?page_id=60\"]}]},{\"@type\":\"BreadcrumbList\",\"@id\":\"https:\/\/re-creer.com\/?page_id=60#breadcrumb\",\"itemListElement\":[{\"@type\":\"ListItem\",\"position\":1,\"name\":\"Home\",\"item\":\"https:\/\/re-creer.com\/\"},{\"@type\":\"ListItem\",\"position\":2,\"name\":\"Faire un don\"}]},{\"@type\":\"WebSite\",\"@id\":\"https:\/\/re-creer.com\/#website\",\"url\":\"https:\/\/re-creer.com\/\",\"name\":\"Association Re-Cr\u00e9er\",\"description\":\"Se savoir \u00e9cout\u00e9, \u00e7a change tout\",\"potentialAction\":[{\"@type\":\"SearchAction\",\"target\":{\"@type\":\"EntryPoint\",\"urlTemplate\":\"https:\/\/re-creer.com\/?s={search_term_string}\"},\"query-input\":{\"@type\":\"PropertyValueSpecification\",\"valueRequired\":true,\"valueName\":\"search_term_string\"}}],\"inLanguage\":\"en-US\"}]}<\/script>\n<!-- \/ Yoast SEO plugin. -->","yoast_head_json":{"title":"Faire un don - Association Re-Cr\u00e9er","robots":{"index":"index","follow":"follow","max-snippet":"max-snippet:-1","max-image-preview":"max-image-preview:large","max-video-preview":"max-video-preview:-1"},"canonical":"https:\/\/re-creer.com\/?page_id=60","og_locale":"en_US","og_type":"article","og_title":"Faire un don - Association Re-Cr\u00e9er","og_description":"Faire un don Organisme d\u2019int\u00e9r\u00eat g\u00e9n\u00e9ral \u00e0 caract\u00e8re socialPourquoi donner ? Pour que les entrepreneurs confront\u00e9s \u00e0 des difficult\u00e9s soient \u00e9cout\u00e9s et continuent \u00e0 pouvoir b\u00e9n\u00e9ficier d\u2019un r\u00e9confort moral et d\u2019un soutien pratique, Pour que les diff\u00e9rents acteurs de l\u2019environnement \u00e9conomique des entreprises soient sensibilis\u00e9s aux nombreux obstacles concrets rencontr\u00e9s par l\u2019entrepreneur qui veut rebondir, [&hellip;]","og_url":"https:\/\/re-creer.com\/?page_id=60","og_site_name":"Association Re-Cr\u00e9er","article_modified_time":"2025-10-14T08:29:00+00:00","twitter_card":"summary_large_image","twitter_misc":{"Est. reading time":"4 minutes"},"schema":{"@context":"https:\/\/schema.org","@graph":[{"@type":"WebPage","@id":"https:\/\/re-creer.com\/?page_id=60","url":"https:\/\/re-creer.com\/?page_id=60","name":"Faire un don - Association Re-Cr\u00e9er","isPartOf":{"@id":"https:\/\/re-creer.com\/#website"},"datePublished":"2023-06-13T08:41:37+00:00","dateModified":"2025-10-14T08:29:00+00:00","breadcrumb":{"@id":"https:\/\/re-creer.com\/?page_id=60#breadcrumb"},"inLanguage":"en-US","potentialAction":[{"@type":"ReadAction","target":["https:\/\/re-creer.com\/?page_id=60"]}]},{"@type":"BreadcrumbList","@id":"https:\/\/re-creer.com\/?page_id=60#breadcrumb","itemListElement":[{"@type":"ListItem","position":1,"name":"Home","item":"https:\/\/re-creer.com\/"},{"@type":"ListItem","position":2,"name":"Faire un don"}]},{"@type":"WebSite","@id":"https:\/\/re-creer.com\/#website","url":"https:\/\/re-creer.com\/","name":"Association Re-Cr\u00e9er","description":"Se savoir \u00e9cout\u00e9, \u00e7a change tout","potentialAction":[{"@type":"SearchAction","target":{"@type":"EntryPoint","urlTemplate":"https:\/\/re-creer.com\/?s={search_term_string}"},"query-input":{"@type":"PropertyValueSpecification","valueRequired":true,"valueName":"search_term_string"}}],"inLanguage":"en-US"}]}},"_links":{"self":[{"href":"https:\/\/re-creer.com\/index.php?rest_route=\/wp\/v2\/pages\/60","targetHints":{"allow":["GET"]}}],"collection":[{"href":"https:\/\/re-creer.com\/index.php?rest_route=\/wp\/v2\/pages"}],"about":[{"href":"https:\/\/re-creer.com\/index.php?rest_route=\/wp\/v2\/types\/page"}],"author":[{"embeddable":true,"href":"https:\/\/re-creer.com\/index.php?rest_route=\/wp\/v2\/users\/1"}],"replies":[{"embeddable":true,"href":"https:\/\/re-creer.com\/index.php?rest_route=%2Fwp%2Fv2%2Fcomments&post=60"}],"version-history":[{"count":6,"href":"https:\/\/re-creer.com\/index.php?rest_route=\/wp\/v2\/pages\/60\/revisions"}],"predecessor-version":[{"id":329,"href":"https:\/\/re-creer.com\/index.php?rest_route=\/wp\/v2\/pages\/60\/revisions\/329"}],"wp:attachment":[{"href":"https:\/\/re-creer.com\/index.php?rest_route=%2Fwp%2Fv2%2Fmedia&parent=60"}],"curies":[{"name":"wp","href":"https:\/\/api.w.org\/{rel}","templated":true}]}}