{"id":46,"date":"2023-06-13T08:40:27","date_gmt":"2023-06-13T08:40:27","guid":{"rendered":"https:\/\/recreer.webeautiful.fr\/?page_id=46"},"modified":"2023-09-11T07:56:33","modified_gmt":"2023-09-11T07:56:33","slug":"que-proposons-nous","status":"publish","type":"page","link":"https:\/\/re-creer.com\/?page_id=46","title":{"rendered":"Que proposons-nous ?"},"content":{"rendered":"<p>[et_pb_section fb_built=&#8221;1&#8243; admin_label=&#8221;Header&#8221; _builder_version=&#8221;3.22&#8243; global_colors_info=&#8221;{}&#8221;][et_pb_row column_structure=&#8221;1_2,1_2&#8243; _builder_version=&#8221;4.14.8&#8243; background_size=&#8221;contain&#8221; animation_style=&#8221;zoom&#8221; animation_intensity_zoom=&#8221;10%&#8221; global_colors_info=&#8221;{}&#8221;][et_pb_column type=&#8221;1_2&#8243; _builder_version=&#8221;4.14.8&#8243; custom_padding=&#8221;80px|||&#8221; custom_padding_tablet=&#8221;0px|||&#8221; custom_padding_phone=&#8221;0px|||&#8221; custom_padding_last_edited=&#8221;on|tablet&#8221; global_colors_info=&#8221;{}&#8221; custom_padding__hover=&#8221;|||&#8221;][et_pb_text _builder_version=&#8221;4.14.8&#8243; text_font=&#8221;||||||||&#8221; ul_font=&#8221;||||||||&#8221; ol_font=&#8221;||||||||&#8221; header_font=&#8221;Montserrat|500||on|||||&#8221; header_font_size=&#8221;18px&#8221; header_letter_spacing=&#8221;5px&#8221; header_line_height=&#8221;1.5em&#8221; header_2_font=&#8221;Montserrat|700|||||||&#8221; header_2_font_size=&#8221;43px&#8221; header_2_line_height=&#8221;1.4em&#8221; header_3_font=&#8221;||||||||&#8221; header_4_font=&#8221;||||||||&#8221; header_5_font=&#8221;||||||||&#8221; header_6_font=&#8221;||||||||&#8221; header_font_size_tablet=&#8221;&#8221; header_font_size_phone=&#8221;12px&#8221; header_font_size_last_edited=&#8221;on|desktop&#8221; header_2_font_size_tablet=&#8221;50px&#8221; header_2_font_size_phone=&#8221;30px&#8221; header_2_font_size_last_edited=&#8221;on|desktop&#8221; global_colors_info=&#8221;{}&#8221;]<\/p>\n<h2>Que proposons-nous ?<\/h2>\n<h1><\/h1>\n<p> RE-CR\u00c9ER est une association qui accompagne les entrepreneurs en difficult\u00e9 en leur offrant un soutien moral et pratique pour les aider \u00e0 rebondir. Elle est \u00e9galement un acteur engag\u00e9 dans la promotion du rebond des entreprises en menant des actions pour lever les obstacles et en organisant des \u00e9v\u00e9nements pour favoriser les \u00e9changes et les bonnes pratiques.[\/et_pb_text][\/et_pb_column][et_pb_column type=&#8221;1_2&#8243; _builder_version=&#8221;4.14.8&#8243; custom_padding=&#8221;80px|||&#8221; custom_padding_tablet=&#8221;0px|||&#8221; custom_padding_phone=&#8221;0px|||&#8221; custom_padding_last_edited=&#8221;on|tablet&#8221; global_colors_info=&#8221;{}&#8221; custom_padding__hover=&#8221;|||&#8221;][et_pb_icon font_icon=&#8221;&#xe08b;||divi||400&#8243; icon_color=&#8221;gcid-325392c8-4291-4da5-88f5-1d95943be677&#8243; icon_width=&#8221;191px&#8221; _builder_version=&#8221;4.14.8&#8243; _module_preset=&#8221;default&#8221; global_colors_info=&#8221;{%22gcid-325392c8-4291-4da5-88f5-1d95943be677%22:%91%22icon_color%22%93}&#8221;][\/et_pb_icon][\/et_pb_column][\/et_pb_row][\/et_pb_section][et_pb_section fb_built=&#8221;1&#8243; admin_label=&#8221;Coaching&#8221; _builder_version=&#8221;4.14.8&#8243; custom_padding=&#8221;||200px||false|false&#8221; global_colors_info=&#8221;{}&#8221;][et_pb_row column_structure=&#8221;1_2,1_2&#8243; _builder_version=&#8221;4.14.8&#8243; hover_enabled=&#8221;0&#8243; locked=&#8221;off&#8221; global_colors_info=&#8221;{}&#8221; sticky_enabled=&#8221;0&#8243;][et_pb_column type=&#8221;1_2&#8243; _builder_version=&#8221;4.14.8&#8243; custom_padding=&#8221;|||&#8221; link_option_url=&#8221;?page_id=64&#8243; border_radii=&#8221;on|10px|10px|10px|10px&#8221; box_shadow_style=&#8221;preset1&#8243; box_shadow_vertical=&#8221;10px&#8221; box_shadow_blur=&#8221;60px&#8221; box_shadow_color=&#8221;rgba(0,0,0,0.18)&#8221; global_colors_info=&#8221;{}&#8221; custom_padding__hover=&#8221;|||&#8221;][et_pb_icon font_icon=&#8221;&#xf095;||fa||900&#8243; icon_color=&#8221;gcid-af86f2ab-02ee-4104-9a69-19a1d1493be4&#8243; icon_width=&#8221;82px&#8221; _builder_version=&#8221;4.14.8&#8243; _module_preset=&#8221;default&#8221; custom_margin=&#8221;40px||||false|false&#8221; global_colors_info=&#8221;{%22gcid-af86f2ab-02ee-4104-9a69-19a1d1493be4%22:%91%22icon_color%22%93}&#8221;][\/et_pb_icon][et_pb_blurb title=&#8221;Ecoute T\u00e9l\u00e9phonique&#8221; image_icon_width=&#8221;80px&#8221; image_icon_width_tablet=&#8221;60px&#8221; image_icon_width_phone=&#8221;60px&#8221; image_icon_width_last_edited=&#8221;on|tablet&#8221; _builder_version=&#8221;4.14.8&#8243; header_font=&#8221;Montserrat|700|||||||&#8221; header_line_height=&#8221;1.8em&#8221; body_line_height=&#8221;2em&#8221; background_color=&#8221;#ffffff&#8221; text_orientation=&#8221;center&#8221; custom_padding=&#8221;30px|30px|30px|30px|true|true&#8221; animation_style=&#8221;zoom&#8221; animation_intensity_zoom=&#8221;10%&#8221; border_radii=&#8221;on|10px|10px|10px|10px&#8221; border_radii_image=&#8221;on|100px|100px|100px|100px&#8221; box_shadow_style_image=&#8221;preset1&#8243; box_shadow_vertical_image=&#8221;10px&#8221; box_shadow_blur_image=&#8221;40px&#8221; box_shadow_spread_image=&#8221;-10px&#8221; box_shadow_color_image=&#8221;#15c39a&#8221; image_max_width=&#8221;80px&#8221; image_max_width_tablet=&#8221;60px&#8221; image_max_width_phone=&#8221;&#8221; image_max_width_last_edited=&#8221;on|tablet&#8221; global_colors_info=&#8221;{}&#8221;][\/et_pb_blurb][\/et_pb_column][et_pb_column type=&#8221;1_2&#8243; _builder_version=&#8221;4.14.8&#8243; custom_padding=&#8221;|||&#8221; link_option_url=&#8221;?page_id=68&#8243; hover_enabled=&#8221;0&#8243; border_radii=&#8221;on|10px|10px|10px|10px&#8221; box_shadow_style=&#8221;preset1&#8243; box_shadow_vertical=&#8221;10px&#8221; box_shadow_blur=&#8221;60px&#8221; box_shadow_color=&#8221;rgba(0,0,0,0.18)&#8221; global_colors_info=&#8221;{}&#8221; custom_padding__hover=&#8221;|||&#8221; sticky_enabled=&#8221;0&#8243;][et_pb_icon font_icon=&#8221;&#xf2f1;||fa||900&#8243; icon_color=&#8221;gcid-af86f2ab-02ee-4104-9a69-19a1d1493be4&#8243; icon_width=&#8221;82px&#8221; _builder_version=&#8221;4.14.8&#8243; _module_preset=&#8221;default&#8221; custom_margin=&#8221;40px||||false|false&#8221; global_colors_info=&#8221;{%22gcid-af86f2ab-02ee-4104-9a69-19a1d1493be4%22:%91%22icon_color%22%93}&#8221;][\/et_pb_icon][et_pb_blurb title=&#8221;Ateliers d&#8217;\u00e9change d&#8217;exp\u00e9rience&#8221; image_icon_width=&#8221;80px&#8221; image_icon_width_tablet=&#8221;60px&#8221; image_icon_width_phone=&#8221;60px&#8221; image_icon_width_last_edited=&#8221;on|tablet&#8221; _builder_version=&#8221;4.14.8&#8243; header_font=&#8221;Montserrat|700|||||||&#8221; header_line_height=&#8221;1.8em&#8221; body_line_height=&#8221;2em&#8221; background_color=&#8221;#ffffff&#8221; text_orientation=&#8221;center&#8221; custom_padding=&#8221;30px|30px|30px|30px|true|true&#8221; animation_style=&#8221;zoom&#8221; animation_intensity_zoom=&#8221;10%&#8221; border_radii=&#8221;on|10px|10px|10px|10px&#8221; border_radii_image=&#8221;on|100px|100px|100px|100px&#8221; box_shadow_style_image=&#8221;preset1&#8243; box_shadow_vertical_image=&#8221;10px&#8221; box_shadow_blur_image=&#8221;40px&#8221; box_shadow_spread_image=&#8221;-10px&#8221; box_shadow_color_image=&#8221;#15c39a&#8221; image_max_width=&#8221;80px&#8221; image_max_width_tablet=&#8221;60px&#8221; image_max_width_phone=&#8221;&#8221; image_max_width_last_edited=&#8221;on|tablet&#8221; global_colors_info=&#8221;{}&#8221;][\/et_pb_blurb][\/et_pb_column][\/et_pb_row][et_pb_row _builder_version=&#8221;4.14.8&#8243; custom_margin=&#8221;100px||||false|false&#8221; custom_padding=&#8221;||50px||false|false&#8221; hover_enabled=&#8221;0&#8243; locked=&#8221;off&#8221; global_colors_info=&#8221;{}&#8221; column_structure=&#8221;1_2,1_2&#8243; sticky_enabled=&#8221;0&#8243;][et_pb_column type=&#8221;1_2&#8243; _builder_version=&#8221;4.14.8&#8243; custom_padding=&#8221;|||&#8221; hover_enabled=&#8221;0&#8243; border_radii=&#8221;on|10px|10px|10px|10px&#8221; global_colors_info=&#8221;{}&#8221; custom_padding__hover=&#8221;|||&#8221; sticky_enabled=&#8221;0&#8243;][et_pb_text _builder_version=&#8221;4.14.8&#8243; text_font=&#8221;||||||||&#8221; ul_font=&#8221;||||||||&#8221; ol_font=&#8221;||||||||&#8221; header_font=&#8221;Montserrat|500||on|||||&#8221; header_font_size=&#8221;18px&#8221; header_letter_spacing=&#8221;5px&#8221; header_line_height=&#8221;1.5em&#8221; header_2_font=&#8221;Montserrat|700|||||||&#8221; header_2_font_size=&#8221;43px&#8221; header_2_line_height=&#8221;1.4em&#8221; header_3_font=&#8221;||||||||&#8221; header_3_font_size=&#8221;36px&#8221; header_4_font=&#8221;||||||||&#8221; header_5_font=&#8221;||||||||&#8221; header_6_font=&#8221;||||||||&#8221; header_font_size_tablet=&#8221;&#8221; header_font_size_phone=&#8221;12px&#8221; header_font_size_last_edited=&#8221;on|desktop&#8221; header_2_font_size_tablet=&#8221;50px&#8221; header_2_font_size_phone=&#8221;30px&#8221; header_2_font_size_last_edited=&#8221;on|desktop&#8221; global_colors_info=&#8221;{}&#8221;]<\/p>\n<h3>Des v\u00e9cus et des solutions<\/h3>\n<p>D\u00e9couvrez comment \u00e0 travers des cas concrets Re-cr\u00e9er a soutenu des entrepreneurs challeng\u00e9s.<\/p>\n<p>[\/et_pb_text][et_pb_button button_url=&#8221;?page_id=143&#8243; button_text=&#8221;En savoir plus&#8221; button_alignment=&#8221;left&#8221; _builder_version=&#8221;4.14.8&#8243; custom_button=&#8221;on&#8221; button_text_size=&#8221;15px&#8221; button_text_color=&#8221;#ffffff&#8221; button_bg_color=&#8221;gcid-325392c8-4291-4da5-88f5-1d95943be677&#8243; button_border_width=&#8221;0px&#8221; button_border_color=&#8221;rgba(0,0,0,0)&#8221; button_border_radius=&#8221;100px&#8221; button_letter_spacing=&#8221;1px&#8221; button_font=&#8221;Montserrat|700||on|||||&#8221; button_use_icon=&#8221;off&#8221; custom_padding=&#8221;16px|30px|16px|30px|true|true&#8221; box_shadow_style=&#8221;preset1&#8243; box_shadow_vertical=&#8221;10px&#8221; box_shadow_blur=&#8221;20px&#8221; box_shadow_color=&#8221;rgba(21,195,154,0.3)&#8221; button_letter_spacing_hover=&#8221;2px&#8221; locked=&#8221;off&#8221; global_colors_info=&#8221;{%22gcid-325392c8-4291-4da5-88f5-1d95943be677%22:%91%22button_bg_color%22%93}&#8221; button_text_size__hover_enabled=&#8221;off&#8221; button_one_text_size__hover_enabled=&#8221;off&#8221; button_two_text_size__hover_enabled=&#8221;off&#8221; button_text_color__hover_enabled=&#8221;off&#8221; button_one_text_color__hover_enabled=&#8221;off&#8221; button_two_text_color__hover_enabled=&#8221;off&#8221; button_border_width__hover_enabled=&#8221;off&#8221; button_one_border_width__hover_enabled=&#8221;off&#8221; button_two_border_width__hover_enabled=&#8221;off&#8221; button_border_color__hover_enabled=&#8221;off&#8221; button_one_border_color__hover_enabled=&#8221;off&#8221; button_two_border_color__hover_enabled=&#8221;off&#8221; button_border_radius__hover_enabled=&#8221;off&#8221; button_one_border_radius__hover_enabled=&#8221;off&#8221; button_two_border_radius__hover_enabled=&#8221;off&#8221; button_letter_spacing__hover_enabled=&#8221;on&#8221; button_letter_spacing__hover=&#8221;2px&#8221; button_one_letter_spacing__hover_enabled=&#8221;off&#8221; button_two_letter_spacing__hover_enabled=&#8221;off&#8221; button_bg_color__hover_enabled=&#8221;off&#8221; button_one_bg_color__hover_enabled=&#8221;off&#8221; button_two_bg_color__hover_enabled=&#8221;off&#8221;][\/et_pb_button][\/et_pb_column][et_pb_column _builder_version=&#8221;4.14.8&#8243; _module_preset=&#8221;default&#8221; type=&#8221;1_2&#8243; sticky_enabled=&#8221;0&#8243; custom_padding=&#8221;|||&#8221; border_radii=&#8221;on|10px|10px|10px|10px&#8221; box_shadow_style=&#8221;preset1&#8243; box_shadow_vertical=&#8221;10px&#8221; box_shadow_blur=&#8221;60px&#8221; box_shadow_color=&#8221;rgba(0,0,0,0.18)&#8221; link_option_url=&#8221;?page_id=243&#8243; hover_enabled=&#8221;0&#8243;][et_pb_icon font_icon=&#8221;&#xf518;||fa||900&#8243; icon_color=&#8221;gcid-af86f2ab-02ee-4104-9a69-19a1d1493be4&#8243; icon_width=&#8221;82px&#8221; _builder_version=&#8221;4.14.8&#8243; _module_preset=&#8221;default&#8221; custom_margin=&#8221;40px||||false|false&#8221; hover_enabled=&#8221;0&#8243; global_colors_info=&#8221;{%22gcid-af86f2ab-02ee-4104-9a69-19a1d1493be4%22:%91%22icon_color%22%93}&#8221; sticky_enabled=&#8221;0&#8243;][\/et_pb_icon][et_pb_blurb title=&#8221;Savoir c&#8217;est mieux&#8221; image_icon_width=&#8221;80px&#8221; image_icon_width_tablet=&#8221;60px&#8221; image_icon_width_phone=&#8221;60px&#8221; image_icon_width_last_edited=&#8221;on|tablet&#8221; _builder_version=&#8221;4.14.8&#8243; header_font=&#8221;Montserrat|700|||||||&#8221; header_line_height=&#8221;1.8em&#8221; body_line_height=&#8221;2em&#8221; background_color=&#8221;#ffffff&#8221; text_orientation=&#8221;center&#8221; custom_padding=&#8221;30px|30px|30px|30px|true|true&#8221; animation_style=&#8221;zoom&#8221; animation_intensity_zoom=&#8221;10%&#8221; hover_enabled=&#8221;0&#8243; border_radii=&#8221;on|10px|10px|10px|10px&#8221; border_radii_image=&#8221;on|100px|100px|100px|100px&#8221; box_shadow_style_image=&#8221;preset1&#8243; box_shadow_vertical_image=&#8221;10px&#8221; box_shadow_blur_image=&#8221;40px&#8221; box_shadow_spread_image=&#8221;-10px&#8221; box_shadow_color_image=&#8221;#15c39a&#8221; image_max_width=&#8221;80px&#8221; image_max_width_tablet=&#8221;60px&#8221; image_max_width_phone=&#8221;&#8221; image_max_width_last_edited=&#8221;on|tablet&#8221; global_colors_info=&#8221;{}&#8221; sticky_enabled=&#8221;0&#8243;][\/et_pb_blurb][\/et_pb_column][\/et_pb_row][\/et_pb_section]<\/p>\n","protected":false},"excerpt":{"rendered":"<p>Que proposons-nous ? RE-CR\u00c9ER est une association qui accompagne les entrepreneurs en difficult\u00e9 en leur offrant un soutien moral et pratique pour les aider \u00e0 rebondir. Elle est \u00e9galement un acteur engag\u00e9 dans la promotion du rebond des entreprises en menant des actions pour lever les obstacles et en organisant des \u00e9v\u00e9nements pour favoriser les [&hellip;]<\/p>\n","protected":false},"author":1,"featured_media":0,"parent":0,"menu_order":0,"comment_status":"closed","ping_status":"closed","template":"","meta":{"_et_pb_use_builder":"on","_et_pb_old_content":"","_et_gb_content_width":"","footnotes":""},"class_list":["post-46","page","type-page","status-publish","hentry"],"yoast_head":"<!-- This site is optimized with the Yoast SEO plugin v25.9 - https:\/\/yoast.com\/wordpress\/plugins\/seo\/ -->\n<title>Que proposons-nous ? - Association Re-Cr\u00e9er<\/title>\n<meta name=\"robots\" content=\"index, follow, max-snippet:-1, max-image-preview:large, max-video-preview:-1\" \/>\n<link rel=\"canonical\" href=\"https:\/\/re-creer.com\/?page_id=46\" \/>\n<meta property=\"og:locale\" content=\"en_US\" \/>\n<meta property=\"og:type\" content=\"article\" \/>\n<meta property=\"og:title\" content=\"Que proposons-nous ? - Association Re-Cr\u00e9er\" \/>\n<meta property=\"og:description\" content=\"Que proposons-nous ? RE-CR\u00c9ER est une association qui accompagne les entrepreneurs en difficult\u00e9 en leur offrant un soutien moral et pratique pour les aider \u00e0 rebondir. Elle est \u00e9galement un acteur engag\u00e9 dans la promotion du rebond des entreprises en menant des actions pour lever les obstacles et en organisant des \u00e9v\u00e9nements pour favoriser les [&hellip;]\" \/>\n<meta property=\"og:url\" content=\"https:\/\/re-creer.com\/?page_id=46\" \/>\n<meta property=\"og:site_name\" content=\"Association Re-Cr\u00e9er\" \/>\n<meta property=\"article:modified_time\" content=\"2023-09-11T07:56:33+00:00\" \/>\n<meta name=\"twitter:card\" content=\"summary_large_image\" \/>\n<meta name=\"twitter:label1\" content=\"Est. reading time\" \/>\n\t<meta name=\"twitter:data1\" content=\"7 minutes\" \/>\n<script type=\"application\/ld+json\" class=\"yoast-schema-graph\">{\"@context\":\"https:\/\/schema.org\",\"@graph\":[{\"@type\":\"WebPage\",\"@id\":\"https:\/\/re-creer.com\/?page_id=46\",\"url\":\"https:\/\/re-creer.com\/?page_id=46\",\"name\":\"Que proposons-nous ? - Association Re-Cr\u00e9er\",\"isPartOf\":{\"@id\":\"https:\/\/re-creer.com\/#website\"},\"datePublished\":\"2023-06-13T08:40:27+00:00\",\"dateModified\":\"2023-09-11T07:56:33+00:00\",\"breadcrumb\":{\"@id\":\"https:\/\/re-creer.com\/?page_id=46#breadcrumb\"},\"inLanguage\":\"en-US\",\"potentialAction\":[{\"@type\":\"ReadAction\",\"target\":[\"https:\/\/re-creer.com\/?page_id=46\"]}]},{\"@type\":\"BreadcrumbList\",\"@id\":\"https:\/\/re-creer.com\/?page_id=46#breadcrumb\",\"itemListElement\":[{\"@type\":\"ListItem\",\"position\":1,\"name\":\"Home\",\"item\":\"https:\/\/re-creer.com\/\"},{\"@type\":\"ListItem\",\"position\":2,\"name\":\"Que proposons-nous ?\"}]},{\"@type\":\"WebSite\",\"@id\":\"https:\/\/re-creer.com\/#website\",\"url\":\"https:\/\/re-creer.com\/\",\"name\":\"Association Re-Cr\u00e9er\",\"description\":\"Se savoir \u00e9cout\u00e9, \u00e7a change tout\",\"potentialAction\":[{\"@type\":\"SearchAction\",\"target\":{\"@type\":\"EntryPoint\",\"urlTemplate\":\"https:\/\/re-creer.com\/?s={search_term_string}\"},\"query-input\":{\"@type\":\"PropertyValueSpecification\",\"valueRequired\":true,\"valueName\":\"search_term_string\"}}],\"inLanguage\":\"en-US\"}]}<\/script>\n<!-- \/ Yoast SEO plugin. -->","yoast_head_json":{"title":"Que proposons-nous ? - Association Re-Cr\u00e9er","robots":{"index":"index","follow":"follow","max-snippet":"max-snippet:-1","max-image-preview":"max-image-preview:large","max-video-preview":"max-video-preview:-1"},"canonical":"https:\/\/re-creer.com\/?page_id=46","og_locale":"en_US","og_type":"article","og_title":"Que proposons-nous ? - Association Re-Cr\u00e9er","og_description":"Que proposons-nous ? RE-CR\u00c9ER est une association qui accompagne les entrepreneurs en difficult\u00e9 en leur offrant un soutien moral et pratique pour les aider \u00e0 rebondir. Elle est \u00e9galement un acteur engag\u00e9 dans la promotion du rebond des entreprises en menant des actions pour lever les obstacles et en organisant des \u00e9v\u00e9nements pour favoriser les [&hellip;]","og_url":"https:\/\/re-creer.com\/?page_id=46","og_site_name":"Association Re-Cr\u00e9er","article_modified_time":"2023-09-11T07:56:33+00:00","twitter_card":"summary_large_image","twitter_misc":{"Est. reading time":"7 minutes"},"schema":{"@context":"https:\/\/schema.org","@graph":[{"@type":"WebPage","@id":"https:\/\/re-creer.com\/?page_id=46","url":"https:\/\/re-creer.com\/?page_id=46","name":"Que proposons-nous ? - Association Re-Cr\u00e9er","isPartOf":{"@id":"https:\/\/re-creer.com\/#website"},"datePublished":"2023-06-13T08:40:27+00:00","dateModified":"2023-09-11T07:56:33+00:00","breadcrumb":{"@id":"https:\/\/re-creer.com\/?page_id=46#breadcrumb"},"inLanguage":"en-US","potentialAction":[{"@type":"ReadAction","target":["https:\/\/re-creer.com\/?page_id=46"]}]},{"@type":"BreadcrumbList","@id":"https:\/\/re-creer.com\/?page_id=46#breadcrumb","itemListElement":[{"@type":"ListItem","position":1,"name":"Home","item":"https:\/\/re-creer.com\/"},{"@type":"ListItem","position":2,"name":"Que proposons-nous ?"}]},{"@type":"WebSite","@id":"https:\/\/re-creer.com\/#website","url":"https:\/\/re-creer.com\/","name":"Association Re-Cr\u00e9er","description":"Se savoir \u00e9cout\u00e9, \u00e7a change tout","potentialAction":[{"@type":"SearchAction","target":{"@type":"EntryPoint","urlTemplate":"https:\/\/re-creer.com\/?s={search_term_string}"},"query-input":{"@type":"PropertyValueSpecification","valueRequired":true,"valueName":"search_term_string"}}],"inLanguage":"en-US"}]}},"_links":{"self":[{"href":"https:\/\/re-creer.com\/index.php?rest_route=\/wp\/v2\/pages\/46","targetHints":{"allow":["GET"]}}],"collection":[{"href":"https:\/\/re-creer.com\/index.php?rest_route=\/wp\/v2\/pages"}],"about":[{"href":"https:\/\/re-creer.com\/index.php?rest_route=\/wp\/v2\/types\/page"}],"author":[{"embeddable":true,"href":"https:\/\/re-creer.com\/index.php?rest_route=\/wp\/v2\/users\/1"}],"replies":[{"embeddable":true,"href":"https:\/\/re-creer.com\/index.php?rest_route=%2Fwp%2Fv2%2Fcomments&post=46"}],"version-history":[{"count":13,"href":"https:\/\/re-creer.com\/index.php?rest_route=\/wp\/v2\/pages\/46\/revisions"}],"predecessor-version":[{"id":245,"href":"https:\/\/re-creer.com\/index.php?rest_route=\/wp\/v2\/pages\/46\/revisions\/245"}],"wp:attachment":[{"href":"https:\/\/re-creer.com\/index.php?rest_route=%2Fwp%2Fv2%2Fmedia&parent=46"}],"curies":[{"name":"wp","href":"https:\/\/api.w.org\/{rel}","templated":true}]}}