{"id":222,"date":"2023-06-16T14:09:35","date_gmt":"2023-06-16T14:09:35","guid":{"rendered":"https:\/\/recreer.webeautiful.fr\/?page_id=222"},"modified":"2023-06-16T14:10:26","modified_gmt":"2023-06-16T14:10:26","slug":"politique-de-confidentialite-de-www-re-creer-com","status":"publish","type":"page","link":"https:\/\/re-creer.com\/?page_id=222","title":{"rendered":"Politique de confidentialit\u00e9 de\u00a0www.re-creer.com"},"content":{"rendered":"\n<h2 class=\"wp-block-heading\" id=\"purposes_data\">Donn\u00e9es personnelles trait\u00e9es pour les finalit\u00e9s suivantes et en utilisant les services suivants :<\/h2>\n\n\n\n<ul class=\"wp-block-list\">\n<li>Affichage de contenus \u00e0 partir de plateformes externes\n<ul class=\"wp-block-list\">\n<li>Google FontsDonn\u00e9es personnelles : diff\u00e9rents types de Donn\u00e9es indiqu\u00e9es dans la politique de confidentialit\u00e9 du service; Donn\u00e9es d&#8217;utilisation<\/li>\n<\/ul>\n<\/li>\n\n\n\n<li>Analyses\n<ul class=\"wp-block-list\">\n<li>Google AnalyticsDonn\u00e9es personnelles : Donn\u00e9es d&#8217;utilisation; Traqueur<\/li>\n<\/ul>\n<\/li>\n\n\n\n<li>Contacter l&#8217;Utilisateur\n<ul class=\"wp-block-list\">\n<li>Formulaire de contactDonn\u00e9es personnelles : adresse \u00e9lectronique; code postal; num\u00e9ro de t\u00e9l\u00e9phone<\/li>\n<\/ul>\n<\/li>\n\n\n\n<li>Publicit\u00e9\n<ul class=\"wp-block-list\">\n<li>DailymotionDonn\u00e9es personnelles : Donn\u00e9es d&#8217;utilisation; Traqueur<\/li>\n<\/ul>\n<\/li>\n\n\n\n<li>Services de plateforme et h\u00e9bergement\n<ul class=\"wp-block-list\">\n<li>WebflowDonn\u00e9es personnelles : diff\u00e9rents types de Donn\u00e9es indiqu\u00e9es dans la politique de confidentialit\u00e9 du service<\/li>\n<\/ul>\n<\/li>\n<\/ul>\n\n\n\n<h2 class=\"wp-block-heading\" id=\"opt_out\">Information sur le refus de publicit\u00e9 cibl\u00e9e par centres d\u2019int\u00e9r\u00eat<\/h2>\n\n\n\n<p>En compl\u00e9ment de toute fonctionnalit\u00e9 de d\u00e9sinscription fournie par l\u2019un quelconque des services list\u00e9s dans le pr\u00e9sent document, les Utilisateurs peuvent en savoir plus sur les options dont ils disposent pour refuser en g\u00e9n\u00e9ral de la publicit\u00e9 cibl\u00e9e par centres d\u2019int\u00e9r\u00eat en consultant la partie d\u00e9di\u00e9e de la Politique relative aux Cookies.<\/p>\n\n\n\n<h2 class=\"wp-block-heading\" id=\"contact_information\">Coordonn\u00e9es<\/h2>\n\n\n\n<ul class=\"wp-block-list\">\n<li>Propri\u00e9taire et Responsable du traitement<strong>RE-CREER<\/strong>\u00a0<br><br>Association sans but lucratif r\u00e9gie par la Loi du 1er juillet 1901\u00a0<br>Inscrite \u00e0 la Pr\u00e9fecture des Yvelines sous le n\u00b08913\u00a0<br>SIREN : 485 366 603\u00a0<br><br>Si\u00e8ge social : chez la Soci\u00e9t\u00e9 des Ing\u00e9nieurs Arts et M\u00e9tiers &#8211; 9bis, avenue d&#8217;I\u00e9na &#8211; 75783 Paris Cedex 16<strong>Courriel de contact du Propri\u00e9taire :<\/strong>\u00a0info@re-creer.com<\/li>\n<\/ul>\n\n\n\n<p><\/p>\n","protected":false},"excerpt":{"rendered":"<p>Donn\u00e9es personnelles trait\u00e9es pour les finalit\u00e9s suivantes et en utilisant les services suivants : Information sur le refus de publicit\u00e9 cibl\u00e9e par centres d\u2019int\u00e9r\u00eat En compl\u00e9ment de toute fonctionnalit\u00e9 de d\u00e9sinscription fournie par l\u2019un quelconque des services list\u00e9s dans le pr\u00e9sent document, les Utilisateurs peuvent en savoir plus sur les options dont ils disposent pour [&hellip;]<\/p>\n","protected":false},"author":1,"featured_media":0,"parent":0,"menu_order":0,"comment_status":"closed","ping_status":"open","template":"","meta":{"_et_pb_use_builder":"","_et_pb_old_content":"","_et_gb_content_width":"1080","footnotes":""},"class_list":["post-222","page","type-page","status-publish","hentry"],"yoast_head":"<!-- This site is optimized with the Yoast SEO plugin v25.9 - https:\/\/yoast.com\/wordpress\/plugins\/seo\/ -->\n<title>Politique de confidentialit\u00e9 de\u00a0www.re-creer.com - Association Re-Cr\u00e9er<\/title>\n<meta name=\"robots\" content=\"index, follow, max-snippet:-1, max-image-preview:large, max-video-preview:-1\" \/>\n<link rel=\"canonical\" href=\"https:\/\/re-creer.com\/?page_id=222\" \/>\n<meta property=\"og:locale\" content=\"en_US\" \/>\n<meta property=\"og:type\" content=\"article\" \/>\n<meta property=\"og:title\" content=\"Politique de confidentialit\u00e9 de\u00a0www.re-creer.com - Association Re-Cr\u00e9er\" \/>\n<meta property=\"og:description\" content=\"Donn\u00e9es personnelles trait\u00e9es pour les finalit\u00e9s suivantes et en utilisant les services suivants : Information sur le refus de publicit\u00e9 cibl\u00e9e par centres d\u2019int\u00e9r\u00eat En compl\u00e9ment de toute fonctionnalit\u00e9 de d\u00e9sinscription fournie par l\u2019un quelconque des services list\u00e9s dans le pr\u00e9sent document, les Utilisateurs peuvent en savoir plus sur les options dont ils disposent pour [&hellip;]\" \/>\n<meta property=\"og:url\" content=\"https:\/\/re-creer.com\/?page_id=222\" \/>\n<meta property=\"og:site_name\" content=\"Association Re-Cr\u00e9er\" \/>\n<meta property=\"article:modified_time\" content=\"2023-06-16T14:10:26+00:00\" \/>\n<meta name=\"twitter:card\" content=\"summary_large_image\" \/>\n<meta name=\"twitter:label1\" content=\"Est. reading time\" \/>\n\t<meta name=\"twitter:data1\" content=\"1 minute\" \/>\n<script type=\"application\/ld+json\" class=\"yoast-schema-graph\">{\"@context\":\"https:\/\/schema.org\",\"@graph\":[{\"@type\":\"WebPage\",\"@id\":\"https:\/\/re-creer.com\/?page_id=222\",\"url\":\"https:\/\/re-creer.com\/?page_id=222\",\"name\":\"Politique de confidentialit\u00e9 de\u00a0www.re-creer.com - Association Re-Cr\u00e9er\",\"isPartOf\":{\"@id\":\"https:\/\/re-creer.com\/#website\"},\"datePublished\":\"2023-06-16T14:09:35+00:00\",\"dateModified\":\"2023-06-16T14:10:26+00:00\",\"breadcrumb\":{\"@id\":\"https:\/\/re-creer.com\/?page_id=222#breadcrumb\"},\"inLanguage\":\"en-US\",\"potentialAction\":[{\"@type\":\"ReadAction\",\"target\":[\"https:\/\/re-creer.com\/?page_id=222\"]}]},{\"@type\":\"BreadcrumbList\",\"@id\":\"https:\/\/re-creer.com\/?page_id=222#breadcrumb\",\"itemListElement\":[{\"@type\":\"ListItem\",\"position\":1,\"name\":\"Home\",\"item\":\"https:\/\/re-creer.com\/\"},{\"@type\":\"ListItem\",\"position\":2,\"name\":\"Politique de confidentialit\u00e9 de\u00a0www.re-creer.com\"}]},{\"@type\":\"WebSite\",\"@id\":\"https:\/\/re-creer.com\/#website\",\"url\":\"https:\/\/re-creer.com\/\",\"name\":\"Association Re-Cr\u00e9er\",\"description\":\"Se savoir \u00e9cout\u00e9, \u00e7a change tout\",\"potentialAction\":[{\"@type\":\"SearchAction\",\"target\":{\"@type\":\"EntryPoint\",\"urlTemplate\":\"https:\/\/re-creer.com\/?s={search_term_string}\"},\"query-input\":{\"@type\":\"PropertyValueSpecification\",\"valueRequired\":true,\"valueName\":\"search_term_string\"}}],\"inLanguage\":\"en-US\"}]}<\/script>\n<!-- \/ Yoast SEO plugin. -->","yoast_head_json":{"title":"Politique de confidentialit\u00e9 de\u00a0www.re-creer.com - Association Re-Cr\u00e9er","robots":{"index":"index","follow":"follow","max-snippet":"max-snippet:-1","max-image-preview":"max-image-preview:large","max-video-preview":"max-video-preview:-1"},"canonical":"https:\/\/re-creer.com\/?page_id=222","og_locale":"en_US","og_type":"article","og_title":"Politique de confidentialit\u00e9 de\u00a0www.re-creer.com - Association Re-Cr\u00e9er","og_description":"Donn\u00e9es personnelles trait\u00e9es pour les finalit\u00e9s suivantes et en utilisant les services suivants : Information sur le refus de publicit\u00e9 cibl\u00e9e par centres d\u2019int\u00e9r\u00eat En compl\u00e9ment de toute fonctionnalit\u00e9 de d\u00e9sinscription fournie par l\u2019un quelconque des services list\u00e9s dans le pr\u00e9sent document, les Utilisateurs peuvent en savoir plus sur les options dont ils disposent pour [&hellip;]","og_url":"https:\/\/re-creer.com\/?page_id=222","og_site_name":"Association Re-Cr\u00e9er","article_modified_time":"2023-06-16T14:10:26+00:00","twitter_card":"summary_large_image","twitter_misc":{"Est. reading time":"1 minute"},"schema":{"@context":"https:\/\/schema.org","@graph":[{"@type":"WebPage","@id":"https:\/\/re-creer.com\/?page_id=222","url":"https:\/\/re-creer.com\/?page_id=222","name":"Politique de confidentialit\u00e9 de\u00a0www.re-creer.com - Association Re-Cr\u00e9er","isPartOf":{"@id":"https:\/\/re-creer.com\/#website"},"datePublished":"2023-06-16T14:09:35+00:00","dateModified":"2023-06-16T14:10:26+00:00","breadcrumb":{"@id":"https:\/\/re-creer.com\/?page_id=222#breadcrumb"},"inLanguage":"en-US","potentialAction":[{"@type":"ReadAction","target":["https:\/\/re-creer.com\/?page_id=222"]}]},{"@type":"BreadcrumbList","@id":"https:\/\/re-creer.com\/?page_id=222#breadcrumb","itemListElement":[{"@type":"ListItem","position":1,"name":"Home","item":"https:\/\/re-creer.com\/"},{"@type":"ListItem","position":2,"name":"Politique de confidentialit\u00e9 de\u00a0www.re-creer.com"}]},{"@type":"WebSite","@id":"https:\/\/re-creer.com\/#website","url":"https:\/\/re-creer.com\/","name":"Association Re-Cr\u00e9er","description":"Se savoir \u00e9cout\u00e9, \u00e7a change tout","potentialAction":[{"@type":"SearchAction","target":{"@type":"EntryPoint","urlTemplate":"https:\/\/re-creer.com\/?s={search_term_string}"},"query-input":{"@type":"PropertyValueSpecification","valueRequired":true,"valueName":"search_term_string"}}],"inLanguage":"en-US"}]}},"_links":{"self":[{"href":"https:\/\/re-creer.com\/index.php?rest_route=\/wp\/v2\/pages\/222","targetHints":{"allow":["GET"]}}],"collection":[{"href":"https:\/\/re-creer.com\/index.php?rest_route=\/wp\/v2\/pages"}],"about":[{"href":"https:\/\/re-creer.com\/index.php?rest_route=\/wp\/v2\/types\/page"}],"author":[{"embeddable":true,"href":"https:\/\/re-creer.com\/index.php?rest_route=\/wp\/v2\/users\/1"}],"replies":[{"embeddable":true,"href":"https:\/\/re-creer.com\/index.php?rest_route=%2Fwp%2Fv2%2Fcomments&post=222"}],"version-history":[{"count":1,"href":"https:\/\/re-creer.com\/index.php?rest_route=\/wp\/v2\/pages\/222\/revisions"}],"predecessor-version":[{"id":225,"href":"https:\/\/re-creer.com\/index.php?rest_route=\/wp\/v2\/pages\/222\/revisions\/225"}],"wp:attachment":[{"href":"https:\/\/re-creer.com\/index.php?rest_route=%2Fwp%2Fv2%2Fmedia&parent=222"}],"curies":[{"name":"wp","href":"https:\/\/api.w.org\/{rel}","templated":true}]}}